{"id":4297,"date":"2024-06-25T18:40:25","date_gmt":"2024-06-25T15:40:25","guid":{"rendered":"https:\/\/wonjo.kids\/aydinlatma-metni\/"},"modified":"2025-11-20T15:57:00","modified_gmt":"2025-11-20T12:57:00","slug":"aydinlatma-metni","status":"publish","type":"page","link":"https:\/\/wonjo.kids\/tr\/aydinlatma-metni\/","title":{"rendered":"Ayd\u0131nlatma Metni"},"content":{"rendered":"<div class=\"wpb-content-wrapper\"><p>[vc_row css=&#8221;.vc_custom_1732118513060{margin-right: 250px !important;margin-left: 250px !important;padding-right: 20px !important;padding-left: 20px !important;background-color: #F8F8F800 !important;border-radius: 15px !important;}&#8221; woodmart_css_id=&#8221;673e07e9675df&#8221; responsive_spacing=&#8221;eyJwYXJhbV90eXBlIjoid29vZG1hcnRfcmVzcG9uc2l2ZV9zcGFjaW5nIiwic2VsZWN0b3JfaWQiOiI2NzNlMDdlOTY3NWRmIiwic2hvcnRjb2RlIjoidmNfcm93IiwiZGF0YSI6eyJ0YWJsZXQiOnt9LCJtb2JpbGUiOnsibWFyZ2luLXJpZ2h0IjoiMCIsIm1hcmdpbi1sZWZ0IjoiMCIsInBhZGRpbmctcmlnaHQiOiIwIiwicGFkZGluZy1sZWZ0IjoiMCJ9fX0=&#8221; mobile_bg_img_hidden=&#8221;no&#8221; tablet_bg_img_hidden=&#8221;no&#8221; woodmart_parallax=&#8221;0&#8243; woodmart_gradient_switch=&#8221;no&#8221; woodmart_box_shadow=&#8221;no&#8221; wd_z_index=&#8221;no&#8221; woodmart_disable_overflow=&#8221;0&#8243; row_reverse_mobile=&#8221;0&#8243; row_reverse_tablet=&#8221;0&#8243;][vc_column]\t\t<div id=\"wd-691c537f621ca\" class=\"wd-text-block wd-wpb reset-last-child wd-rs-691c537f621ca text-left wd-fontsize-s \">\n\t\t\t<blockquote><p>\nK\u0130\u015e\u0130SEL VER\u0130LER\u0130N KORUNMASI KANUNU KAPSAMINDA G\u0130ZL\u0130L\u0130K POL\u0130T\u0130KASI VE AYDINLATMA METN\u0130<\/p>\n<p>Y\u00fcr\u00fcrl\u00fck tarihi 14 A\u011fustos 2025\n<\/p><\/blockquote>\n<p><b>Upily Ara\u015ft\u0131rma ve Teknoloji Geli\u015ftirme Anonim \u015eirketi<\/b> (\u201cUpily\u201d) olarak, 6698 say\u0131l\u0131 Ki\u015fisel Verilerin Korunmas\u0131 Kanunu (\u201cKVKK\u201d) uyar\u0131nca siz de\u011ferli ebeveyn ve\/veya yasal temsilcileri bilgilendirme y\u00fck\u00fcml\u00fcl\u00fc\u011f\u00fcm\u00fcz bulunmaktad\u0131r. Bu metin, \u00e7ocu\u011funuza y\u00f6nelik sundu\u011fumuz mobil oyun uygulamas\u0131 ve web sitesi kapsam\u0131nda ki\u015fisel verilerinizi nas\u0131l toplad\u0131\u011f\u0131m\u0131z, i\u015fledi\u011fimiz, saklad\u0131\u011f\u0131m\u0131z ve aktard\u0131\u011f\u0131m\u0131z hakk\u0131nda sizi bilgilendirmek amac\u0131yla haz\u0131rlanm\u0131\u015ft\u0131r.<\/p>\n<h3><b style=\"color: #1b1919; font-size: 22px;\">1. Veri Sorumlusu<\/b><\/h3>\n<p><span style=\"font-weight: 400;\">Ki\u015fisel verileriniz ve yasal temsilcisi oldu\u011funuz \u00e7ocu\u011fun ki\u015fisel verileri, veri sorumlusu s\u0131fat\u0131yla <\/span><b>Upily <\/b><span style=\"font-weight: 400;\">taraf\u0131ndan i\u015flenmektedir.<\/span><\/p>\n<h3>2. \u0130\u015flenen Ki\u015fisel Veriler<\/h3>\n<h4><b>Ebeveyne Ait Veriler:<\/b><\/h4>\n<ul>\n<li style=\"font-weight: 400;\" aria-level=\"1\"><span style=\"font-weight: 400;\">E-posta adresi<\/span><\/li>\n<li style=\"font-weight: 400;\" aria-level=\"1\"><span style=\"font-weight: 400;\">Telefon numaras\u0131<\/span><\/li>\n<li style=\"font-weight: 400;\" aria-level=\"1\"><span style=\"font-weight: 400;\">Do\u011fum y\u0131l\u0131<\/span><\/li>\n<\/ul>\n<h4><b>\u00c7ocu\u011fa Ait Veriler:<\/b><\/h4>\n<ul>\n<li style=\"font-weight: 400;\" aria-level=\"1\"><span style=\"font-weight: 400;\">Do\u011fum y\u0131l\u0131<\/span><\/li>\n<\/ul>\n<h4><b>\u00d6deme Bilgileri:<\/b><\/h4>\n<ul>\n<li aria-level=\"1\"><span style=\"font-weight: 400;\">\u00d6deme y\u00f6ntemi<\/span><\/li>\n<li aria-level=\"1\"><span style=\"font-weight: 400;\">Banka kart\u0131 sahibinin tam ad\u0131 ve kart bilgileri<\/span><\/li>\n<li aria-level=\"1\"><span style=\"font-weight: 400;\">Fatura adresi<\/span><\/li>\n<\/ul>\n<h4><b>Cihaz ve Ba\u011flant\u0131 Verileri:<\/b><\/h4>\n<ul>\n<li style=\"font-weight: 400;\" aria-level=\"1\"><span style=\"font-weight: 400;\">IP adresi<\/span><\/li>\n<li style=\"font-weight: 400;\" aria-level=\"1\"><span style=\"font-weight: 400;\">Cihaz t\u00fcr\u00fc, i\u015fletim sistemi, taray\u0131c\u0131 bilgisi<\/span><\/li>\n<li style=\"font-weight: 400;\" aria-level=\"1\"><span style=\"font-weight: 400;\">Yakla\u015f\u0131k konum verisi (cihaz ayarlar\u0131na ba\u011fl\u0131 olarak)<\/span><\/li>\n<\/ul>\n<h4><b>Kullan\u0131m ve Davran\u0131\u015fsal Veriler:<\/b><\/h4>\n<ul>\n<li style=\"font-weight: 400;\" aria-level=\"1\"><span style=\"font-weight: 400;\">Uygulama i\u00e7inde gezinme ve etkile\u015fim verileri<\/span><\/li>\n<li style=\"font-weight: 400;\" aria-level=\"1\"><span style=\"font-weight: 400;\">Ziyaret edilen ekranlar<\/span><\/li>\n<li style=\"font-weight: 400;\" aria-level=\"1\"><span style=\"font-weight: 400;\">Aktivitelerin ve oyunlar\u0131n kullan\u0131m s\u0131kl\u0131\u011f\u0131 ve s\u00fcresi<\/span><\/li>\n<\/ul>\n<h4><b>\u00dc\u00e7\u00fcnc\u00fc Taraflardan ve Di\u011fer Kaynaklardan Toplanan Veriler:<\/b><\/h4>\n<ul>\n<li aria-level=\"1\"><span style=\"font-weight: 400;\">\u00dc\u00e7\u00fcnc\u00fc Taraf Hizmetleri ve Kaynaklar: \u00dc\u00e7\u00fcnc\u00fc taraf hizmetlerinden ve kurulu\u015flar\u0131ndan sizin hakk\u0131n\u0131zda ki\u015fisel bilgiler elde edilebilir. \u00d6rne\u011fin; Apple Kimli\u011finiz gibi \u00fc\u00e7\u00fcnc\u00fc taraf oturum a\u00e7ma hizmeti arac\u0131l\u0131\u011f\u0131yla hizmetlerimize eri\u015firseniz, gizlilik ayarlar\u0131n\u0131z arac\u0131l\u0131\u011f\u0131yla kullan\u0131ma sundu\u011funuz bu \u00fc\u00e7\u00fcnc\u00fc taraf uygulama veya hizmetten sizin hakk\u0131n\u0131zda ki\u015fisel veriler toplayabiliriz.\u00a0<\/span><\/li>\n<\/ul>\n<ul>\n<li aria-level=\"1\"><span style=\"font-weight: 400;\">\u00dc\u00e7\u00fcnc\u00fc Taraf Analiti\u011fi: Ebeveynlere ula\u015fmak ve reklamlar\u0131 daha etkili hale getirmek amac\u0131yla, Facebook, Instagram, Twitter gibi sosyal medya platformlar\u0131 ve i\u015f ortaklar\u0131 taraf\u0131ndan sa\u011flanan analiz ve reklam ara\u00e7lar\u0131 kullan\u0131lmaktad\u0131r. Bu ara\u00e7lar ile ebeveynlerin sosyal medya i\u00e7eriklerine nas\u0131l tepki verdikleri, hangi reklamlar\u0131n ilgi g\u00f6rd\u00fc\u011f\u00fc, sosyal medya platformlar\u0131nda g\u00f6rd\u00fckleri reklamlar ile nas\u0131l etkile\u015fime ge\u00e7ti\u011fi bilgisine ula\u015fmak ama\u00e7lanmaktad\u0131r.\u00a0<\/span><\/li>\n<\/ul>\n<p><span style=\"font-weight: 400;\">Bu analizler yaln\u0131zca ebeveynlere y\u00f6nelik olup \u00e7ocuklara ait veriler bu kapsamda toplanmaz ve kullan\u0131lmaz. <\/span><\/p>\n<h3>3. Ki\u015fisel Verilerin \u0130\u015flenme Ama\u00e7lar\u0131<\/h3>\n<ul>\n<li><span style=\"font-weight: 400;\">Ki\u015fisel verileriniz ve yasal temsilcisi oldu\u011funuz \u00e7ocu\u011fun ki\u015fisel verileri a\u015fa\u011f\u0131daki ama\u00e7larla i\u015flenmektedir:<\/span><\/li>\n<li><span style=\"font-weight: 400;\">Ebeveyn do\u011frulamas\u0131 yap\u0131lmas\u0131 ve kullan\u0131c\u0131 ya\u015f\u0131n\u0131n belirlenmesi<\/span><\/li>\n<li><span style=\"font-weight: 400;\">Uygulaman\u0131n ve i\u00e7eri\u011finin ya\u015fa uygun olarak sunulmas\u0131<\/span><\/li>\n<li><span style=\"font-weight: 400;\">Uygulama deneyiminin ki\u015fiselle\u015ftirilmesi ve iyile\u015ftirilmesi<\/span><\/li>\n<li><span style=\"font-weight: 400;\">Kullan\u0131c\u0131 davran\u0131\u015flar\u0131n\u0131n analiz edilerek performans ve i\u00e7erik geli\u015ftirme yap\u0131lmas\u0131<\/span><\/li>\n<li><span style=\"font-weight: 400;\">Yasal y\u00fck\u00fcml\u00fcl\u00fcklerin yerine getirilmesi<\/span><\/li>\n<li><span style=\"font-weight: 400;\">Kullan\u0131c\u0131 g\u00fcvenli\u011finin sa\u011flanmas\u0131<\/span><\/li>\n<\/ul>\n<h3>4. Ki\u015fisel Verilerin Toplanma Y\u00f6ntemi ve Hukuki Sebebi<\/h3>\n<p><span style=\"font-weight: 400;\">Ki\u015fisel verileriniz ve yasal temsilcisi oldu\u011funuz \u00e7ocu\u011fun ki\u015fisel verileri, uygulama i\u00e7indeki formlar, kay\u0131t ekranlar\u0131 ve kullan\u0131m s\u00fcrecindeki etkile\u015fimler arac\u0131l\u0131\u011f\u0131yla otomatik yollarla toplanmaktad\u0131r.<\/span><\/p>\n<p><span style=\"font-weight: 400;\">Ki\u015fisel verileriniz ve yasal temsilcisi oldu\u011funuz \u00e7ocu\u011fun ki\u015fisel verileri KVKK\u2019nin 5. ve 6. maddelerinde belirtilen i\u015fleme \u015fartlar\u0131 ve ama\u00e7lar\u0131 do\u011frultusunda, KVKK\u2019nin 4. maddesi gere\u011fince, \u201cama\u00e7la ba\u011flant\u0131l\u0131, s\u0131n\u0131rl\u0131 ve \u00f6l\u00e7\u00fcl\u00fc\u201d bir \u015fekilde i\u015flenmektedir. <\/span><\/p>\n<h3>5. <b>Yurt D\u0131\u015f\u0131na Veri Aktar\u0131m\u0131<\/b><\/h3>\n<p><span style=\"font-weight: 400;\">Ki\u015fisel verileriniz ve yasal temsilcisi oldu\u011funuz \u00e7ocu\u011fun ki\u015fisel verileri, KVKK\u2019nin 9. Maddesine uygun olacak \u015fekilde yurt d\u0131\u015f\u0131na aktar\u0131lmaktad\u0131r. Toplanan ki\u015fisel veriler, Google Cloud bulut hizmet sa\u011flay\u0131c\u0131s\u0131 altyap\u0131s\u0131 \u00fczerinden yurt d\u0131\u015f\u0131nda bulunan sunucularda g\u00fcvenli \u015fekilde saklanmaktad\u0131r.<\/span><\/p>\n<p><span style=\"font-weight: 400;\">Upily, veri aktar\u0131m\u0131 yap\u0131lacak \u00fclkelerde, g\u00fcncel teknolojilerin sundu\u011fu m\u00fcmk\u00fcn olan her t\u00fcrl\u00fc idari ve teknik tedbiri almaktad\u0131r. Bu kapsamda, aktar\u0131m yap\u0131lan taraflar ile veri aktar\u0131m\u0131na ve i\u015flenmesine ili\u015fkin \u00f6zel s\u00f6zle\u015fmeler yap\u0131lmaktad\u0131r.\u00a0<\/span><\/p>\n<p><span style=\"font-weight: 400;\">Bu kapsamda ki\u015fisel verileriniz ve yasal temsilcisi oldu\u011funuz \u00e7ocu\u011fun ki\u015fisel verileri, a\u00e7\u0131k r\u0131zan\u0131z do\u011frultusunda ve Ki\u015fisel Verilerin Yurt D\u0131\u015f\u0131na Aktar\u0131lmas\u0131na \u0130li\u015fkin Usul ve Esaslar Hakk\u0131nda Y\u00f6netmelik\u2019in 14. Maddesi uyar\u0131nca, ki\u015fisel verileriniz veri al\u0131c\u0131s\u0131 taraf ile imzalanm\u0131\u015f Standart S\u00f6zle\u015fme kapsam\u0131nda yurt d\u0131\u015f\u0131na aktar\u0131lmaktad\u0131r. Talebiniz halinde, verilerinizin aktar\u0131ld\u0131\u011f\u0131 taraf ile imzalanan Standart S\u00f6zle\u015fme metninin bir kopyas\u0131 taraf\u0131n\u0131za sa\u011flanacakt\u0131r. <\/span><\/p>\n<h3>6. Saklama S\u00fcresi<\/h3>\n<p><span style=\"font-weight: 400;\">Ki\u015fisel verileriniz ve yasal temsilcisi oldu\u011funuz \u00e7ocu\u011fun ki\u015fisel verileri, i\u015fleme amac\u0131n\u0131n gerektirdi\u011fi s\u00fcre boyunca KVKK ile uyumlu olarak saklanmakta; bu s\u00fcrenin sona ermesiyle birlikte silinmekte, yok edilmekte veya anonim hale getirilmektedir.<\/span><\/p>\n<h3>7. \u0130lgili Ki\u015fi Olarak Haklar\u0131n\u0131z<\/h3>\n<p><span style=\"font-weight: 400;\">KVKK\u2019n\u0131n 11. maddesi kapsam\u0131nda, veri sahibi\/ yasal temsilci olarak a\u015fa\u011f\u0131daki haklara sahipsiniz:<\/span><\/p>\n<ul>\n<li style=\"font-weight: 400;\" aria-level=\"1\"><span style=\"font-weight: 400;\">Ki\u015fisel verilerinizin i\u015flenip i\u015flenmedi\u011fini \u00f6\u011frenme<\/span><\/li>\n<li style=\"font-weight: 400;\" aria-level=\"1\"><span style=\"font-weight: 400;\">\u0130\u015flenmi\u015fse buna ili\u015fkin bilgi talep etme<\/span><\/li>\n<li style=\"font-weight: 400;\" aria-level=\"1\"><span style=\"font-weight: 400;\">\u0130\u015flenme amac\u0131n\u0131 ve amaca uygun kullan\u0131l\u0131p kullan\u0131lmad\u0131\u011f\u0131n\u0131 \u00f6\u011frenme<\/span><\/li>\n<li style=\"font-weight: 400;\" aria-level=\"1\"><span style=\"font-weight: 400;\">Verilerin yurt i\u00e7inde veya yurt d\u0131\u015f\u0131nda aktar\u0131ld\u0131\u011f\u0131 \u00fc\u00e7\u00fcnc\u00fc ki\u015fileri bilme<\/span><\/li>\n<li style=\"font-weight: 400;\" aria-level=\"1\"><span style=\"font-weight: 400;\">Eksik veya yanl\u0131\u015f i\u015flenmi\u015fse d\u00fczeltilmesini isteme<\/span><\/li>\n<li style=\"font-weight: 400;\" aria-level=\"1\"><span style=\"font-weight: 400;\">KVKK&#8217;ya ayk\u0131r\u0131 i\u015flenmi\u015fse silinmesini veya yok edilmesini isteme<\/span><\/li>\n<li style=\"font-weight: 400;\" aria-level=\"1\"><span style=\"font-weight: 400;\">Bu i\u015flemlerin aktar\u0131ld\u0131\u011f\u0131 \u00fc\u00e7\u00fcnc\u00fc ki\u015filere bildirilmesini isteme<\/span><\/li>\n<li style=\"font-weight: 400;\" aria-level=\"1\"><span style=\"font-weight: 400;\">Otomatik sistemlerle analiz sonucu aleyhinize bir sonucun \u00e7\u0131kmas\u0131na itiraz etme<\/span><\/li>\n<li style=\"font-weight: 400;\" aria-level=\"1\"><span style=\"font-weight: 400;\">Zarara u\u011framan\u0131z h\u00e2linde tazminat talep etme<\/span><\/li>\n<\/ul>\n<p><span style=\"font-weight: 400;\">Bu haklar\u0131n\u0131za ili\u015fkin taleplerinizi a\u015fa\u011f\u0131daki ileti\u015fim kanallar\u0131 \u00fczerinden \u015eirketimize iletebilirsiniz:<\/span><\/p>\n<h3>8. \u0130leti\u015fim Bilgileri<\/h3>\n<p><b>Upily Ara\u015ft\u0131rma ve Teknoloji Geli\u015ftirme A.\u015e.<\/b><\/p>\n<p><span style=\"font-weight: 400;\">Adres: Universiteler Mah. Ihsan Dogramaci Blv. No: 31 Ic kapi no: 2, Cankaya Ankara, 06800<\/span><\/p>\n<p><span style=\"font-weight: 400;\">E-posta: <a href=\"mailto:hello@wonjo.kids\">hello@wonjo.kids<\/a><\/span><\/p>\n<h3><\/h3>\n<p><b>Not:<\/b><span style=\"font-weight: 400;\"> \u00c7ocuklara ait ki\u015fisel veriler, yaln\u0131zca yasal temsilcilerinin (ebeveynlerin veya vasilerin) a\u00e7\u0131k r\u0131zas\u0131 ile i\u015flenmektedir. Bu a\u00e7\u0131k r\u0131za, uygulama veya web sitesi \u00fczerinden ger\u00e7ekle\u015ftirilen e-posta do\u011frulamas\u0131 ya da SMS onay\u0131 yoluyla al\u0131n\u0131r ve kay\u0131t alt\u0131na al\u0131n\u0131r. Bu do\u011frulama tamamlanmadan \u00e7ocu\u011fa ait ki\u015fisel veriler i\u015flenmez.<\/span><\/p>\n<p><span style=\"font-weight: 400;\">Uygulamay\u0131 veya web sitesini kullanmaya devam etmeden \u00f6nce, bu ayd\u0131nlatma metnini okuyarak bilgilendirildi\u011finizi ve e-posta\/SMS onay\u0131 yoluyla a\u00e7\u0131k r\u0131zan\u0131z\u0131 verdi\u011finizi kabul etmi\u015f say\u0131l\u0131rs\u0131n\u0131z.<\/span><\/p>\n\t\t<\/div>\n\t\t[\/vc_column][\/vc_row]<\/p>\n<\/div>","protected":false},"excerpt":{"rendered":"<p>[vc_row css=&#8221;.vc_custom_1732118513060{margin-right: 250px !important;margin-left: 250px !important;padding-right: 20px !important;padding-left: 20px !important;background-color: #F8F8F800 !important;border-radius: 15px !important;}&#8221; woodmart_css_id=&#8221;673e07e9675df&#8221; responsive_spacing=&#8221;eyJwYXJhbV90eXBlIjoid29vZG1hcnRfcmVzcG9uc2l2ZV9zcGFjaW5nIiwic2VsZWN0b3JfaWQiOiI2NzNlMDdlOTY3NWRmIiwic2hvcnRjb2RlIjoidmNfcm93IiwiZGF0YSI6eyJ0YWJsZXQiOnt9LCJtb2JpbGUiOnsibWFyZ2luLXJpZ2h0IjoiMCIsIm1hcmdpbi1sZWZ0IjoiMCIsInBhZGRpbmctcmlnaHQiOiIwIiwicGFkZGluZy1sZWZ0IjoiMCJ9fX0=&#8221; mobile_bg_img_hidden=&#8221;no&#8221; tablet_bg_img_hidden=&#8221;no&#8221; woodmart_parallax=&#8221;0&#8243; woodmart_gradient_switch=&#8221;no&#8221;<\/p>\n","protected":false},"author":1,"featured_media":0,"parent":0,"menu_order":0,"comment_status":"closed","ping_status":"closed","template":"","meta":{"_acf_changed":false,"footnotes":""},"class_list":["post-4297","page","type-page","status-publish","hentry"],"acf":[],"yoast_head":"<!-- This site is optimized with the Yoast SEO plugin v27.3 - https:\/\/yoast.com\/product\/yoast-seo-wordpress\/ -->\n<title>Ayd\u0131nlatma Metni - WonJo Kids<\/title>\n<meta name=\"robots\" content=\"index, follow, max-snippet:-1, max-image-preview:large, max-video-preview:-1\" \/>\n<link rel=\"canonical\" href=\"https:\/\/wonjo.kids\/tr\/aydinlatma-metni\/\" \/>\n<meta property=\"og:locale\" content=\"tr_TR\" \/>\n<meta property=\"og:type\" content=\"article\" \/>\n<meta property=\"og:title\" content=\"Ayd\u0131nlatma Metni - WonJo Kids\" \/>\n<meta property=\"og:description\" content=\"[vc_row css=&#8221;.vc_custom_1732118513060{margin-right: 250px !important;margin-left: 250px !important;padding-right: 20px !important;padding-left: 20px !important;background-color: #F8F8F800 !important;border-radius: 15px !important;}&#8221; woodmart_css_id=&#8221;673e07e9675df&#8221; responsive_spacing=&#8221;eyJwYXJhbV90eXBlIjoid29vZG1hcnRfcmVzcG9uc2l2ZV9zcGFjaW5nIiwic2VsZWN0b3JfaWQiOiI2NzNlMDdlOTY3NWRmIiwic2hvcnRjb2RlIjoidmNfcm93IiwiZGF0YSI6eyJ0YWJsZXQiOnt9LCJtb2JpbGUiOnsibWFyZ2luLXJpZ2h0IjoiMCIsIm1hcmdpbi1sZWZ0IjoiMCIsInBhZGRpbmctcmlnaHQiOiIwIiwicGFkZGluZy1sZWZ0IjoiMCJ9fX0=&#8221; mobile_bg_img_hidden=&#8221;no&#8221; tablet_bg_img_hidden=&#8221;no&#8221; woodmart_parallax=&#8221;0&#8243; woodmart_gradient_switch=&#8221;no&#8221;\" \/>\n<meta property=\"og:url\" content=\"https:\/\/wonjo.kids\/tr\/aydinlatma-metni\/\" \/>\n<meta property=\"og:site_name\" content=\"WonJo Kids\" \/>\n<meta property=\"article:publisher\" content=\"https:\/\/www.facebook.com\/wonjo.kids\/\" \/>\n<meta property=\"article:modified_time\" content=\"2025-11-20T12:57:00+00:00\" \/>\n<meta name=\"twitter:card\" content=\"summary_large_image\" \/>\n<meta name=\"twitter:label1\" content=\"Tahmini okuma s\u00fcresi\" \/>\n\t<meta name=\"twitter:data1\" content=\"4 dakika\" \/>\n<script type=\"application\/ld+json\" class=\"yoast-schema-graph\">{\"@context\":\"https:\\\/\\\/schema.org\",\"@graph\":[{\"@type\":\"WebPage\",\"@id\":\"https:\\\/\\\/wonjo.kids\\\/tr\\\/aydinlatma-metni\\\/\",\"url\":\"https:\\\/\\\/wonjo.kids\\\/tr\\\/aydinlatma-metni\\\/\",\"name\":\"Ayd\u0131nlatma Metni - WonJo Kids\",\"isPartOf\":{\"@id\":\"https:\\\/\\\/wonjo.kids\\\/tr\\\/#website\"},\"datePublished\":\"2024-06-25T15:40:25+00:00\",\"dateModified\":\"2025-11-20T12:57:00+00:00\",\"breadcrumb\":{\"@id\":\"https:\\\/\\\/wonjo.kids\\\/tr\\\/aydinlatma-metni\\\/#breadcrumb\"},\"inLanguage\":\"tr\",\"potentialAction\":[{\"@type\":\"ReadAction\",\"target\":[\"https:\\\/\\\/wonjo.kids\\\/tr\\\/aydinlatma-metni\\\/\"]}]},{\"@type\":\"BreadcrumbList\",\"@id\":\"https:\\\/\\\/wonjo.kids\\\/tr\\\/aydinlatma-metni\\\/#breadcrumb\",\"itemListElement\":[{\"@type\":\"ListItem\",\"position\":1,\"name\":\"Home\",\"item\":\"https:\\\/\\\/wonjo.kids\\\/tr\\\/ana-sayfa\\\/\"},{\"@type\":\"ListItem\",\"position\":2,\"name\":\"Ayd\u0131nlatma Metni\"}]},{\"@type\":\"WebSite\",\"@id\":\"https:\\\/\\\/wonjo.kids\\\/tr\\\/#website\",\"url\":\"https:\\\/\\\/wonjo.kids\\\/tr\\\/\",\"name\":\"WonJo Kids\",\"description\":\"\",\"potentialAction\":[{\"@type\":\"SearchAction\",\"target\":{\"@type\":\"EntryPoint\",\"urlTemplate\":\"https:\\\/\\\/wonjo.kids\\\/tr\\\/?s={search_term_string}\"},\"query-input\":{\"@type\":\"PropertyValueSpecification\",\"valueRequired\":true,\"valueName\":\"search_term_string\"}}],\"inLanguage\":\"tr\"}]}<\/script>\n<!-- \/ Yoast SEO plugin. -->","yoast_head_json":{"title":"Ayd\u0131nlatma Metni - WonJo Kids","robots":{"index":"index","follow":"follow","max-snippet":"max-snippet:-1","max-image-preview":"max-image-preview:large","max-video-preview":"max-video-preview:-1"},"canonical":"https:\/\/wonjo.kids\/tr\/aydinlatma-metni\/","og_locale":"tr_TR","og_type":"article","og_title":"Ayd\u0131nlatma Metni - WonJo Kids","og_description":"[vc_row css=&#8221;.vc_custom_1732118513060{margin-right: 250px !important;margin-left: 250px !important;padding-right: 20px !important;padding-left: 20px !important;background-color: #F8F8F800 !important;border-radius: 15px !important;}&#8221; woodmart_css_id=&#8221;673e07e9675df&#8221; responsive_spacing=&#8221;eyJwYXJhbV90eXBlIjoid29vZG1hcnRfcmVzcG9uc2l2ZV9zcGFjaW5nIiwic2VsZWN0b3JfaWQiOiI2NzNlMDdlOTY3NWRmIiwic2hvcnRjb2RlIjoidmNfcm93IiwiZGF0YSI6eyJ0YWJsZXQiOnt9LCJtb2JpbGUiOnsibWFyZ2luLXJpZ2h0IjoiMCIsIm1hcmdpbi1sZWZ0IjoiMCIsInBhZGRpbmctcmlnaHQiOiIwIiwicGFkZGluZy1sZWZ0IjoiMCJ9fX0=&#8221; mobile_bg_img_hidden=&#8221;no&#8221; tablet_bg_img_hidden=&#8221;no&#8221; woodmart_parallax=&#8221;0&#8243; woodmart_gradient_switch=&#8221;no&#8221;","og_url":"https:\/\/wonjo.kids\/tr\/aydinlatma-metni\/","og_site_name":"WonJo Kids","article_publisher":"https:\/\/www.facebook.com\/wonjo.kids\/","article_modified_time":"2025-11-20T12:57:00+00:00","twitter_card":"summary_large_image","twitter_misc":{"Tahmini okuma s\u00fcresi":"4 dakika"},"schema":{"@context":"https:\/\/schema.org","@graph":[{"@type":"WebPage","@id":"https:\/\/wonjo.kids\/tr\/aydinlatma-metni\/","url":"https:\/\/wonjo.kids\/tr\/aydinlatma-metni\/","name":"Ayd\u0131nlatma Metni - WonJo Kids","isPartOf":{"@id":"https:\/\/wonjo.kids\/tr\/#website"},"datePublished":"2024-06-25T15:40:25+00:00","dateModified":"2025-11-20T12:57:00+00:00","breadcrumb":{"@id":"https:\/\/wonjo.kids\/tr\/aydinlatma-metni\/#breadcrumb"},"inLanguage":"tr","potentialAction":[{"@type":"ReadAction","target":["https:\/\/wonjo.kids\/tr\/aydinlatma-metni\/"]}]},{"@type":"BreadcrumbList","@id":"https:\/\/wonjo.kids\/tr\/aydinlatma-metni\/#breadcrumb","itemListElement":[{"@type":"ListItem","position":1,"name":"Home","item":"https:\/\/wonjo.kids\/tr\/ana-sayfa\/"},{"@type":"ListItem","position":2,"name":"Ayd\u0131nlatma Metni"}]},{"@type":"WebSite","@id":"https:\/\/wonjo.kids\/tr\/#website","url":"https:\/\/wonjo.kids\/tr\/","name":"WonJo Kids","description":"","potentialAction":[{"@type":"SearchAction","target":{"@type":"EntryPoint","urlTemplate":"https:\/\/wonjo.kids\/tr\/?s={search_term_string}"},"query-input":{"@type":"PropertyValueSpecification","valueRequired":true,"valueName":"search_term_string"}}],"inLanguage":"tr"}]}},"_links":{"self":[{"href":"https:\/\/wonjo.kids\/tr\/wp-json\/wp\/v2\/pages\/4297","targetHints":{"allow":["GET"]}}],"collection":[{"href":"https:\/\/wonjo.kids\/tr\/wp-json\/wp\/v2\/pages"}],"about":[{"href":"https:\/\/wonjo.kids\/tr\/wp-json\/wp\/v2\/types\/page"}],"author":[{"embeddable":true,"href":"https:\/\/wonjo.kids\/tr\/wp-json\/wp\/v2\/users\/1"}],"replies":[{"embeddable":true,"href":"https:\/\/wonjo.kids\/tr\/wp-json\/wp\/v2\/comments?post=4297"}],"version-history":[{"count":0,"href":"https:\/\/wonjo.kids\/tr\/wp-json\/wp\/v2\/pages\/4297\/revisions"}],"wp:attachment":[{"href":"https:\/\/wonjo.kids\/tr\/wp-json\/wp\/v2\/media?parent=4297"}],"curies":[{"name":"wp","href":"https:\/\/api.w.org\/{rel}","templated":true}]}}