{"id":4193,"date":"2025-03-07T18:53:48","date_gmt":"2025-03-07T15:53:48","guid":{"rendered":"https:\/\/wonjo.kids\/using-wonjo-kids\/"},"modified":"2025-12-26T18:05:46","modified_gmt":"2025-12-26T15:05:46","slug":"wonjo-kids-nasil-kullanilir","status":"publish","type":"page","link":"https:\/\/wonjo.kids\/tr\/wonjo-kids-nasil-kullanilir\/","title":{"rendered":"WonJo Kids Nas\u0131l Kullan\u0131l\u0131r?"},"content":{"rendered":"<div class=\"wpb-content-wrapper\"><p>[vc_section el_class=&#8221;faq-banner&#8221; woodmart_css_id=&#8221;67d2f1684ce81&#8243; responsive_spacing=&#8221;eyJwYXJhbV90eXBlIjoid29vZG1hcnRfcmVzcG9uc2l2ZV9zcGFjaW5nIiwic2VsZWN0b3JfaWQiOiI2N2QyZjE2ODRjZTgxIiwic2hvcnRjb2RlIjoidmNfc2VjdGlvbiIsImRhdGEiOnsidGFibGV0Ijp7fSwibW9iaWxlIjp7Im1hcmdpbi1ib3R0b20iOiIyNSJ9fX0=&#8221; mobile_bg_img_hidden=&#8221;no&#8221; tablet_bg_img_hidden=&#8221;no&#8221; woodmart_parallax=&#8221;0&#8243; woodmart_gradient_switch=&#8221;no&#8221; woodmart_box_shadow=&#8221;no&#8221; wd_z_index=&#8221;no&#8221; woodmart_disable_overflow=&#8221;0&#8243; css=&#8221;.vc_custom_1741877614505{margin-bottom: 70px !important;}&#8221;][vc_row][vc_column css_animation=&#8221;fadeIn&#8221; woodmart_bg_position=&#8221;center-center&#8221; css=&#8221;.vc_custom_1741363037659{background-image: url(https:\/\/wonjo.kids\/wp-content\/uploads\/2025\/03\/Vid-2.jpg?id=3127) !important;background-position: center !important;background-repeat: no-repeat !important;background-size: cover !important;}&#8221; woodmart_css_id=&#8221;67cb1751476f2&#8243; parallax_scroll=&#8221;no&#8221; woodmart_sticky_column=&#8221;false&#8221; wd_collapsible_content_switcher=&#8221;no&#8221; wd_column_role_offcanvas_desktop=&#8221;no&#8221; wd_column_role_offcanvas_tablet=&#8221;no&#8221; wd_column_role_offcanvas_mobile=&#8221;no&#8221; wd_column_role_content_desktop=&#8221;no&#8221; wd_column_role_content_tablet=&#8221;no&#8221; wd_column_role_content_mobile=&#8221;no&#8221; mobile_bg_img_hidden=&#8221;no&#8221; tablet_bg_img_hidden=&#8221;no&#8221; woodmart_parallax=&#8221;0&#8243; woodmart_box_shadow=&#8221;no&#8221; responsive_spacing=&#8221;eyJwYXJhbV90eXBlIjoid29vZG1hcnRfcmVzcG9uc2l2ZV9zcGFjaW5nIiwic2VsZWN0b3JfaWQiOiI2N2NiMTc1MTQ3NmYyIiwic2hvcnRjb2RlIjoidmNfY29sdW1uIiwiZGF0YSI6eyJ0YWJsZXQiOnt9LCJtb2JpbGUiOnt9fX0=&#8221; mobile_reset_margin=&#8221;no&#8221; tablet_reset_margin=&#8221;no&#8221; wd_z_index=&#8221;no&#8221; el_class=&#8221;faq-banner__illustration&#8221;][\/vc_column][\/vc_row][\/vc_section][vc_section el_class=&#8221;faq-questions&#8221; woodmart_css_id=&#8221;67d2f1006a037&#8243; responsive_spacing=&#8221;eyJwYXJhbV90eXBlIjoid29vZG1hcnRfcmVzcG9uc2l2ZV9zcGFjaW5nIiwic2VsZWN0b3JfaWQiOiI2N2QyZjEwMDZhMDM3Iiwic2hvcnRjb2RlIjoidmNfc2VjdGlvbiIsImRhdGEiOnsidGFibGV0Ijp7fSwibW9iaWxlIjp7Im1hcmdpbi1ib3R0b20iOiI1NSJ9fX0=&#8221; mobile_bg_img_hidden=&#8221;no&#8221; tablet_bg_img_hidden=&#8221;no&#8221; woodmart_parallax=&#8221;0&#8243; woodmart_gradient_switch=&#8221;no&#8221; woodmart_box_shadow=&#8221;no&#8221; wd_z_index=&#8221;no&#8221; woodmart_disable_overflow=&#8221;0&#8243; css=&#8221;.vc_custom_1741877509886{margin-bottom: 75px !important;}&#8221;][vc_row][vc_column][vc_tta_accordion section_title_tag=&#8221;h3&#8243; style=&#8221;flat&#8221; shape=&#8221;square&#8221; c_icon=&#8221;chevron&#8221; c_position=&#8221;right&#8221; active_section=&#8221;0&#8243; collapsible_all=&#8221;true&#8221; css=&#8221;.vc_custom_1741795030935{border-color: #00000000 !important;}&#8221; el_class=&#8221;faq-questions__accordion&#8221;][vc_tta_section title=&#8221;WonJo Kids\u2019i Hangi Cihazlarda Kullanabilirim?&#8221; tab_id=&#8221;1741355748502-749fa9ce-37a8&#8243; el_class=&#8221;featured&#8221;]\t\t<div id=\"wd-68fb9bdea2291\" class=\"wd-text-block wd-wpb reset-last-child wd-rs-68fb9bdea2291 text-left wd-font-weight-500 wd-fontsize-custom vc_custom_1761319906920\">\n\t\t\t<p><span style=\"font-weight: 400;\">WonJo Kids, \u00f6\u011frenme yolculu\u011funun kesintisiz devam etmesi i\u00e7in birden fazla cihazda kullan\u0131labilir. Tablet, ak\u0131ll\u0131 telefon veya uyumlu di\u011fer cihazlar\u0131n\u0131zla i\u00e7eriklere her zaman ve her yerden kolayca eri\u015febilirsiniz.<\/span><\/p>\n\t\t<\/div>\n\t\t[\/vc_tta_section][vc_tta_section title=&#8221;WonJo Kids\u2019i Hangi Platformlarda Kullanabilirim?&#8221; tab_id=&#8221;1741359153114-1092d014-c9a0&#8243;]\t\t<div id=\"wd-68fb9bfdd1dce\" class=\"wd-text-block wd-wpb reset-last-child wd-rs-68fb9bfdd1dce text-left wd-font-weight-500 wd-fontsize-custom vc_custom_1761319943171\">\n\t\t\t<p><span style=\"font-weight: 400;\">WonJo Kids, iOS ve Android cihazlarda \u00e7al\u0131\u015f\u0131r. Hangi cihaz\u0131 kullan\u0131rsan\u0131z kullan\u0131n, \u00e7ocu\u011funuz \u00f6\u011frenme yolculu\u011funa kesintisiz devam edebilir.<\/span><\/p>\n\t\t<\/div>\n\t\t[\/vc_tta_section][vc_tta_section title=&#8221;Farkl\u0131 Cihazlarda WonJo Kids\u2019e Nas\u0131l Giri\u015f Yapabilirim?&#8221; tab_id=&#8221;1741359152478-b5a6b91e-4e6c&#8221;]\r\n<div class=\"faq-questions__accordion-content\">\r\n            <ol>\r\n                            <li>\r\n                    \r\n                                            <div class=\"faq-questions__accordion-bullet\">\r\n                            1                        <\/div>\r\n                    \r\n                                            <div class=\"faq-questions__accordion-section\">\r\n                                                            <div class=\"faq-questions__accordion-text\">\r\n                                    \r\n                                                                            <p>WonJo Kids\u2019i iOS veya Android cihaz\u0131n\u0131za<\/p>\r\n                                    \r\n                                    <a title=\"\u0130ndirin\" href=\"https:\/\/apps.apple.com\/tr\/app\/wonjo-kids-games-for-kids-2-6\/id6475648610\" target=\"_blank\" class=\"faq-questions__accordion-button\">\u0130ndirin<\/a>                                <\/div>\r\n                            \r\n                                                            <div class=\"faq-questions__accordion-assets\">\r\n                                    \r\n                                    \r\n                                                                    <\/div>\r\n                                                    <\/div>\r\n                                    <\/li>\r\n                            <li>\r\n                    \r\n                                            <div class=\"faq-questions__accordion-bullet\">\r\n                            2                        <\/div>\r\n                    \r\n                                            <div class=\"faq-questions__accordion-section\">\r\n                                                            <div class=\"faq-questions__accordion-text\">\r\n                                    \r\n                                                                            <p>Uygulamay\u0131 a\u00e7t\u0131\u011f\u0131n\u0131zda <strong>\u201cZaten bir WonJo hesab\u0131m var\u201d<\/strong> se\u00e7ene\u011fini t\u0131klay\u0131n.<\/p>\r\n                                    \r\n                                                                    <\/div>\r\n                            \r\n                                                            <div class=\"faq-questions__accordion-assets\">\r\n                                    \r\n                                                                            <div class=\"faq-questions__accordion-image\">\r\n                                            <img loading=\"lazy\" decoding=\"async\" width=\"512\" height=\"1108\" src=\"https:\/\/wonjo.kids\/wp-content\/uploads\/2025\/03\/IMG_2832-1.png\" class=\"attachment-full size-full\" alt=\"\" srcset=\"https:\/\/wonjo.kids\/wp-content\/uploads\/2025\/03\/IMG_2832-1.png 512w, https:\/\/wonjo.kids\/wp-content\/uploads\/2025\/03\/IMG_2832-1-139x300.png 139w, https:\/\/wonjo.kids\/wp-content\/uploads\/2025\/03\/IMG_2832-1-473x1024.png 473w\" sizes=\"auto, (max-width: 512px) 100vw, 512px\" \/>                                        <\/div>\r\n                                    \r\n                                                                    <\/div>\r\n                                                    <\/div>\r\n                                    <\/li>\r\n                            <li>\r\n                    \r\n                                            <div class=\"faq-questions__accordion-bullet\">\r\n                            3                        <\/div>\r\n                    \r\n                                            <div class=\"faq-questions__accordion-section\">\r\n                                                            <div class=\"faq-questions__accordion-text\">\r\n                                    \r\n                                                                            <p>Orijinal cihaz\u0131n\u0131zda WonJo Premium hesab\u0131n\u0131z\u0131 a\u00e7arken kulland\u0131\u011f\u0131n\u0131z Apple veya Google hesab\u0131n\u0131z\u0131 se\u00e7in. B\u00f6ylece t\u00fcm bilgileriniz otomatik olarak senkronize olur ve di\u011fer cihazlarda da kullanabilirsiniz.<\/p>\r\n                                    \r\n                                                                    <\/div>\r\n                            \r\n                                                            <div class=\"faq-questions__accordion-assets\">\r\n                                    \r\n                                                                            <div class=\"faq-questions__accordion-image\">\r\n                                            <img loading=\"lazy\" decoding=\"async\" width=\"512\" height=\"1108\" src=\"https:\/\/wonjo.kids\/wp-content\/uploads\/2025\/03\/Group-48096298-1.png\" class=\"attachment-full size-full\" alt=\"\" srcset=\"https:\/\/wonjo.kids\/wp-content\/uploads\/2025\/03\/Group-48096298-1.png 512w, https:\/\/wonjo.kids\/wp-content\/uploads\/2025\/03\/Group-48096298-1-139x300.png 139w, https:\/\/wonjo.kids\/wp-content\/uploads\/2025\/03\/Group-48096298-1-473x1024.png 473w\" sizes=\"auto, (max-width: 512px) 100vw, 512px\" \/>                                        <\/div>\r\n                                    \r\n                                                                    <\/div>\r\n                                                    <\/div>\r\n                                    <\/li>\r\n                            <li>\r\n                    \r\n                                            <div class=\"faq-questions__accordion-bullet\">\r\n                            4                        <\/div>\r\n                    \r\n                                            <div class=\"faq-questions__accordion-section\">\r\n                                                            <div class=\"faq-questions__accordion-text\">\r\n                                    \r\n                                                                            <p>Art\u0131k haz\u0131rs\u0131n\u0131z! T\u00fcm bilgileriniz cihazlar aras\u0131nda otomatik olarak senkronize ve eri\u015fime a\u00e7\u0131kt\u0131r.<\/p>\r\n                                    \r\n                                                                    <\/div>\r\n                            \r\n                                                    <\/div>\r\n                                    <\/li>\r\n                    <\/ol>\r\n    <\/div>[\/vc_tta_section][vc_tta_section title=&#8221;Farkl\u0131 cihazlarda WonJo Kids kullanmak istiyorum&#8221; tab_id=&#8221;1741359150967-590afd37-db34&#8243;]\t\t<div id=\"wd-68fb9cab52649\" class=\"wd-text-block wd-wpb reset-last-child wd-rs-68fb9cab52649 text-left wd-font-weight-500 wd-fontsize-custom vc_custom_1761320111161\">\n\t\t\t<p><span style=\"font-weight: 400;\">WonJo Kids\u2019i birden fazla cihazda kullanmak isterseniz, ayn\u0131 WonJo hesab\u0131yla giri\u015f yapman\u0131z\u0131 \u00f6neririz. \u0130lerleme ve ayarlar\u0131n\u0131z, cihaz hesab\u0131n\u0131za ba\u011fl\u0131 de\u011fil, WonJo hesab\u0131n\u0131za ba\u011fl\u0131d\u0131r; b\u00f6ylece t\u00fcm cihazlarda kesintisiz eri\u015fim sa\u011flayabilirsiniz.<\/span><\/p>\n\t\t<\/div>\n\t\t[\/vc_tta_section][\/vc_tta_accordion][\/vc_column][\/vc_row][\/vc_section][vc_section el_class=&#8221;faq-cta&#8221; woodmart_css_id=&#8221;67d2f02760b49&#8243; responsive_spacing=&#8221;eyJwYXJhbV90eXBlIjoid29vZG1hcnRfcmVzcG9uc2l2ZV9zcGFjaW5nIiwic2VsZWN0b3JfaWQiOiI2N2QyZjAyNzYwYjQ5Iiwic2hvcnRjb2RlIjoidmNfc2VjdGlvbiIsImRhdGEiOnsidGFibGV0Ijp7fSwibW9iaWxlIjp7Im1hcmdpbi1ib3R0b20iOiIzMCJ9fX0=&#8221; mobile_bg_img_hidden=&#8221;no&#8221; tablet_bg_img_hidden=&#8221;no&#8221; woodmart_parallax=&#8221;0&#8243; woodmart_gradient_switch=&#8221;no&#8221; woodmart_box_shadow=&#8221;no&#8221; wd_z_index=&#8221;no&#8221; woodmart_disable_overflow=&#8221;0&#8243; css=&#8221;.vc_custom_1741877295189{margin-bottom: 45px !important;}&#8221;][vc_row][vc_column css_animation=&#8221;wd-top-flip-x&#8221; css=&#8221;.vc_custom_1741362527649{padding-top: 60px !important;padding-bottom: 60px !important;background-color: #00C08B !important;border-radius: 30px !important;}&#8221; woodmart_css_id=&#8221;67cb15497dd24&#8243; parallax_scroll=&#8221;no&#8221; woodmart_sticky_column=&#8221;false&#8221; wd_collapsible_content_switcher=&#8221;no&#8221; wd_column_role_offcanvas_desktop=&#8221;no&#8221; wd_column_role_offcanvas_tablet=&#8221;no&#8221; wd_column_role_offcanvas_mobile=&#8221;no&#8221; wd_column_role_content_desktop=&#8221;no&#8221; wd_column_role_content_tablet=&#8221;no&#8221; wd_column_role_content_mobile=&#8221;no&#8221; mobile_bg_img_hidden=&#8221;no&#8221; tablet_bg_img_hidden=&#8221;no&#8221; woodmart_parallax=&#8221;0&#8243; woodmart_box_shadow=&#8221;no&#8221; responsive_spacing=&#8221;eyJwYXJhbV90eXBlIjoid29vZG1hcnRfcmVzcG9uc2l2ZV9zcGFjaW5nIiwic2VsZWN0b3JfaWQiOiI2N2NiMTU0OTdkZDI0Iiwic2hvcnRjb2RlIjoidmNfY29sdW1uIiwiZGF0YSI6eyJ0YWJsZXQiOnt9LCJtb2JpbGUiOnt9fX0=&#8221; mobile_reset_margin=&#8221;no&#8221; tablet_reset_margin=&#8221;no&#8221; wd_z_index=&#8221;no&#8221; el_class=&#8221;faq-cta__content&#8221;]\n\t\t<div id=\"wd-694ea42381b9f\" class=\"title-wrapper wd-wpb wd-set-mb reset-last-child  wd-rs-694ea42381b9f wd-title-color-default wd-title-style-default text-center faq-cta__heading vc_custom_1766761509563 wd-underline-colored\">\n\t\t\t\n\t\t\t<div class=\"liner-continer\">\n\t\t\t\t<h2 class=\"woodmart-title-container title  wd-font-weight-700 wd-fontsize-xl\" >Sorular\u0131n\u0131z m\u0131 var?<\/h2>\n\t\t\t\t\t\t\t<\/div>\n\t\t\t\n\t\t\t\t\t\t\t<div class=\"title-after_title reset-last-child  wd-fontsize-s\">Size yard\u0131mc\u0131 olmak i\u00e7in buraday\u0131z.<\/div>\n\t\t\t\n\t\t\t\n\t\t<\/div>\n\t\t\n\t\t<div id=\"wd-694ea42ca7c75\" class=\" wd-rs-694ea42ca7c75 vc_custom_1766761529412 wd-button-wrapper text-center\"><a href=\"https:\/\/wonjo.kids\/tr\/contact-us\/\" title=\"Bize Ula\u015f\u0131n\" style=\"--btn-color:#fff;--btn-color-hover:#fff;\" class=\"btn btn-style-default btn-shape-round btn-size-large btn-full-width faq-cta__button\">Bize Ula\u015f\u0131n<\/a><\/div>[\/vc_column][\/vc_row][\/vc_section]<\/p>\n<\/div>","protected":false},"excerpt":{"rendered":"<p>[vc_section el_class=&#8221;faq-banner&#8221; woodmart_css_id=&#8221;67d2f1684ce81&#8243; responsive_spacing=&#8221;eyJwYXJhbV90eXBlIjoid29vZG1hcnRfcmVzcG9uc2l2ZV9zcGFjaW5nIiwic2VsZWN0b3JfaWQiOiI2N2QyZjE2ODRjZTgxIiwic2hvcnRjb2RlIjoidmNfc2VjdGlvbiIsImRhdGEiOnsidGFibGV0Ijp7fSwibW9iaWxlIjp7Im1hcmdpbi1ib3R0b20iOiIyNSJ9fX0=&#8221; mobile_bg_img_hidden=&#8221;no&#8221; tablet_bg_img_hidden=&#8221;no&#8221; woodmart_parallax=&#8221;0&#8243; woodmart_gradient_switch=&#8221;no&#8221; woodmart_box_shadow=&#8221;no&#8221; wd_z_index=&#8221;no&#8221; woodmart_disable_overflow=&#8221;0&#8243; css=&#8221;.vc_custom_1741877614505{margin-bottom: 70px !important;}&#8221;][vc_row][vc_column css_animation=&#8221;fadeIn&#8221; woodmart_bg_position=&#8221;center-center&#8221; css=&#8221;.vc_custom_1741363037659{background-image: url(https:\/\/wonjo.kids\/wp-content\/uploads\/2025\/03\/Vid-2.jpg?id=3127) !important;background-position: center<\/p>\n","protected":false},"author":4,"featured_media":0,"parent":0,"menu_order":0,"comment_status":"closed","ping_status":"closed","template":"","meta":{"_acf_changed":false,"footnotes":""},"class_list":["post-4193","page","type-page","status-publish","hentry"],"acf":[],"yoast_head":"<!-- This site is optimized with the Yoast SEO plugin v27.3 - https:\/\/yoast.com\/product\/yoast-seo-wordpress\/ -->\n<title>WonJo Kids Nas\u0131l Kullan\u0131l\u0131r? - WonJo Kids<\/title>\n<meta name=\"robots\" content=\"index, follow, max-snippet:-1, max-image-preview:large, max-video-preview:-1\" \/>\n<link rel=\"canonical\" href=\"https:\/\/wonjo.kids\/tr\/wonjo-kids-nasil-kullanilir\/\" \/>\n<meta property=\"og:locale\" content=\"tr_TR\" \/>\n<meta property=\"og:type\" content=\"article\" \/>\n<meta property=\"og:title\" content=\"WonJo Kids Nas\u0131l Kullan\u0131l\u0131r? - WonJo Kids\" \/>\n<meta property=\"og:description\" content=\"[vc_section el_class=&#8221;faq-banner&#8221; woodmart_css_id=&#8221;67d2f1684ce81&#8243; responsive_spacing=&#8221;eyJwYXJhbV90eXBlIjoid29vZG1hcnRfcmVzcG9uc2l2ZV9zcGFjaW5nIiwic2VsZWN0b3JfaWQiOiI2N2QyZjE2ODRjZTgxIiwic2hvcnRjb2RlIjoidmNfc2VjdGlvbiIsImRhdGEiOnsidGFibGV0Ijp7fSwibW9iaWxlIjp7Im1hcmdpbi1ib3R0b20iOiIyNSJ9fX0=&#8221; mobile_bg_img_hidden=&#8221;no&#8221; tablet_bg_img_hidden=&#8221;no&#8221; woodmart_parallax=&#8221;0&#8243; woodmart_gradient_switch=&#8221;no&#8221; woodmart_box_shadow=&#8221;no&#8221; wd_z_index=&#8221;no&#8221; woodmart_disable_overflow=&#8221;0&#8243; css=&#8221;.vc_custom_1741877614505{margin-bottom: 70px !important;}&#8221;][vc_row][vc_column css_animation=&#8221;fadeIn&#8221; woodmart_bg_position=&#8221;center-center&#8221; css=&#8221;.vc_custom_1741363037659{background-image: url(https:\/\/wonjo.kids\/wp-content\/uploads\/2025\/03\/Vid-2.jpg?id=3127) !important;background-position: center\" \/>\n<meta property=\"og:url\" content=\"https:\/\/wonjo.kids\/tr\/wonjo-kids-nasil-kullanilir\/\" \/>\n<meta property=\"og:site_name\" content=\"WonJo Kids\" \/>\n<meta property=\"article:publisher\" content=\"https:\/\/www.facebook.com\/wonjo.kids\/\" \/>\n<meta property=\"article:modified_time\" content=\"2025-12-26T15:05:46+00:00\" \/>\n<meta name=\"twitter:card\" content=\"summary_large_image\" \/>\n<meta name=\"twitter:label1\" content=\"Tahmini okuma s\u00fcresi\" \/>\n\t<meta name=\"twitter:data1\" content=\"2 dakika\" \/>\n<script type=\"application\/ld+json\" class=\"yoast-schema-graph\">{\"@context\":\"https:\\\/\\\/schema.org\",\"@graph\":[{\"@type\":\"WebPage\",\"@id\":\"https:\\\/\\\/wonjo.kids\\\/tr\\\/wonjo-kids-nasil-kullanilir\\\/\",\"url\":\"https:\\\/\\\/wonjo.kids\\\/tr\\\/wonjo-kids-nasil-kullanilir\\\/\",\"name\":\"WonJo Kids Nas\u0131l Kullan\u0131l\u0131r? - WonJo Kids\",\"isPartOf\":{\"@id\":\"https:\\\/\\\/wonjo.kids\\\/tr\\\/#website\"},\"datePublished\":\"2025-03-07T15:53:48+00:00\",\"dateModified\":\"2025-12-26T15:05:46+00:00\",\"breadcrumb\":{\"@id\":\"https:\\\/\\\/wonjo.kids\\\/tr\\\/wonjo-kids-nasil-kullanilir\\\/#breadcrumb\"},\"inLanguage\":\"tr\",\"potentialAction\":[{\"@type\":\"ReadAction\",\"target\":[\"https:\\\/\\\/wonjo.kids\\\/tr\\\/wonjo-kids-nasil-kullanilir\\\/\"]}]},{\"@type\":\"BreadcrumbList\",\"@id\":\"https:\\\/\\\/wonjo.kids\\\/tr\\\/wonjo-kids-nasil-kullanilir\\\/#breadcrumb\",\"itemListElement\":[{\"@type\":\"ListItem\",\"position\":1,\"name\":\"Home\",\"item\":\"https:\\\/\\\/wonjo.kids\\\/tr\\\/ana-sayfa\\\/\"},{\"@type\":\"ListItem\",\"position\":2,\"name\":\"WonJo Kids Nas\u0131l Kullan\u0131l\u0131r?\"}]},{\"@type\":\"WebSite\",\"@id\":\"https:\\\/\\\/wonjo.kids\\\/tr\\\/#website\",\"url\":\"https:\\\/\\\/wonjo.kids\\\/tr\\\/\",\"name\":\"WonJo Kids\",\"description\":\"\",\"potentialAction\":[{\"@type\":\"SearchAction\",\"target\":{\"@type\":\"EntryPoint\",\"urlTemplate\":\"https:\\\/\\\/wonjo.kids\\\/tr\\\/?s={search_term_string}\"},\"query-input\":{\"@type\":\"PropertyValueSpecification\",\"valueRequired\":true,\"valueName\":\"search_term_string\"}}],\"inLanguage\":\"tr\"}]}<\/script>\n<!-- \/ Yoast SEO plugin. -->","yoast_head_json":{"title":"WonJo Kids Nas\u0131l Kullan\u0131l\u0131r? - WonJo Kids","robots":{"index":"index","follow":"follow","max-snippet":"max-snippet:-1","max-image-preview":"max-image-preview:large","max-video-preview":"max-video-preview:-1"},"canonical":"https:\/\/wonjo.kids\/tr\/wonjo-kids-nasil-kullanilir\/","og_locale":"tr_TR","og_type":"article","og_title":"WonJo Kids Nas\u0131l Kullan\u0131l\u0131r? - WonJo Kids","og_description":"[vc_section el_class=&#8221;faq-banner&#8221; woodmart_css_id=&#8221;67d2f1684ce81&#8243; responsive_spacing=&#8221;eyJwYXJhbV90eXBlIjoid29vZG1hcnRfcmVzcG9uc2l2ZV9zcGFjaW5nIiwic2VsZWN0b3JfaWQiOiI2N2QyZjE2ODRjZTgxIiwic2hvcnRjb2RlIjoidmNfc2VjdGlvbiIsImRhdGEiOnsidGFibGV0Ijp7fSwibW9iaWxlIjp7Im1hcmdpbi1ib3R0b20iOiIyNSJ9fX0=&#8221; mobile_bg_img_hidden=&#8221;no&#8221; tablet_bg_img_hidden=&#8221;no&#8221; woodmart_parallax=&#8221;0&#8243; woodmart_gradient_switch=&#8221;no&#8221; woodmart_box_shadow=&#8221;no&#8221; wd_z_index=&#8221;no&#8221; woodmart_disable_overflow=&#8221;0&#8243; css=&#8221;.vc_custom_1741877614505{margin-bottom: 70px !important;}&#8221;][vc_row][vc_column css_animation=&#8221;fadeIn&#8221; woodmart_bg_position=&#8221;center-center&#8221; css=&#8221;.vc_custom_1741363037659{background-image: url(https:\/\/wonjo.kids\/wp-content\/uploads\/2025\/03\/Vid-2.jpg?id=3127) !important;background-position: center","og_url":"https:\/\/wonjo.kids\/tr\/wonjo-kids-nasil-kullanilir\/","og_site_name":"WonJo Kids","article_publisher":"https:\/\/www.facebook.com\/wonjo.kids\/","article_modified_time":"2025-12-26T15:05:46+00:00","twitter_card":"summary_large_image","twitter_misc":{"Tahmini okuma s\u00fcresi":"2 dakika"},"schema":{"@context":"https:\/\/schema.org","@graph":[{"@type":"WebPage","@id":"https:\/\/wonjo.kids\/tr\/wonjo-kids-nasil-kullanilir\/","url":"https:\/\/wonjo.kids\/tr\/wonjo-kids-nasil-kullanilir\/","name":"WonJo Kids Nas\u0131l Kullan\u0131l\u0131r? - WonJo Kids","isPartOf":{"@id":"https:\/\/wonjo.kids\/tr\/#website"},"datePublished":"2025-03-07T15:53:48+00:00","dateModified":"2025-12-26T15:05:46+00:00","breadcrumb":{"@id":"https:\/\/wonjo.kids\/tr\/wonjo-kids-nasil-kullanilir\/#breadcrumb"},"inLanguage":"tr","potentialAction":[{"@type":"ReadAction","target":["https:\/\/wonjo.kids\/tr\/wonjo-kids-nasil-kullanilir\/"]}]},{"@type":"BreadcrumbList","@id":"https:\/\/wonjo.kids\/tr\/wonjo-kids-nasil-kullanilir\/#breadcrumb","itemListElement":[{"@type":"ListItem","position":1,"name":"Home","item":"https:\/\/wonjo.kids\/tr\/ana-sayfa\/"},{"@type":"ListItem","position":2,"name":"WonJo Kids Nas\u0131l Kullan\u0131l\u0131r?"}]},{"@type":"WebSite","@id":"https:\/\/wonjo.kids\/tr\/#website","url":"https:\/\/wonjo.kids\/tr\/","name":"WonJo Kids","description":"","potentialAction":[{"@type":"SearchAction","target":{"@type":"EntryPoint","urlTemplate":"https:\/\/wonjo.kids\/tr\/?s={search_term_string}"},"query-input":{"@type":"PropertyValueSpecification","valueRequired":true,"valueName":"search_term_string"}}],"inLanguage":"tr"}]}},"_links":{"self":[{"href":"https:\/\/wonjo.kids\/tr\/wp-json\/wp\/v2\/pages\/4193","targetHints":{"allow":["GET"]}}],"collection":[{"href":"https:\/\/wonjo.kids\/tr\/wp-json\/wp\/v2\/pages"}],"about":[{"href":"https:\/\/wonjo.kids\/tr\/wp-json\/wp\/v2\/types\/page"}],"author":[{"embeddable":true,"href":"https:\/\/wonjo.kids\/tr\/wp-json\/wp\/v2\/users\/4"}],"replies":[{"embeddable":true,"href":"https:\/\/wonjo.kids\/tr\/wp-json\/wp\/v2\/comments?post=4193"}],"version-history":[{"count":0,"href":"https:\/\/wonjo.kids\/tr\/wp-json\/wp\/v2\/pages\/4193\/revisions"}],"wp:attachment":[{"href":"https:\/\/wonjo.kids\/tr\/wp-json\/wp\/v2\/media?parent=4193"}],"curies":[{"name":"wp","href":"https:\/\/api.w.org\/{rel}","templated":true}]}}