{"id":4155,"date":"2024-06-25T18:40:16","date_gmt":"2024-06-25T15:40:16","guid":{"rendered":"https:\/\/wonjo.kids\/privacy-policy\/"},"modified":"2025-11-20T15:56:51","modified_gmt":"2025-11-20T12:56:51","slug":"gizlilik-politikasi","status":"publish","type":"page","link":"https:\/\/wonjo.kids\/tr\/gizlilik-politikasi\/","title":{"rendered":"Gizlilik Politikas\u0131"},"content":{"rendered":"<div class=\"wpb-content-wrapper\"><p>[vc_row css=&#8221;.vc_custom_1732118480464{margin-right: 250px !important;margin-left: 250px !important;padding-right: 20px !important;padding-left: 20px !important;background-color: #EEEEEE00 !important;border-radius: 15px !important;}&#8221; woodmart_css_id=&#8221;673e07ca15e9d&#8221; responsive_spacing=&#8221;eyJwYXJhbV90eXBlIjoid29vZG1hcnRfcmVzcG9uc2l2ZV9zcGFjaW5nIiwic2VsZWN0b3JfaWQiOiI2NzNlMDdjYTE1ZTlkIiwic2hvcnRjb2RlIjoidmNfcm93IiwiZGF0YSI6eyJ0YWJsZXQiOnt9LCJtb2JpbGUiOnsibWFyZ2luLXJpZ2h0IjoiMHB4IiwibWFyZ2luLWxlZnQiOiIwcHgiLCJwYWRkaW5nLXJpZ2h0IjoiMCIsInBhZGRpbmctbGVmdCI6IjAifX19&#8243; mobile_bg_img_hidden=&#8221;no&#8221; tablet_bg_img_hidden=&#8221;no&#8221; woodmart_parallax=&#8221;0&#8243; woodmart_gradient_switch=&#8221;no&#8221; woodmart_box_shadow=&#8221;no&#8221; wd_z_index=&#8221;no&#8221; woodmart_disable_overflow=&#8221;0&#8243; row_reverse_mobile=&#8221;0&#8243; row_reverse_tablet=&#8221;0&#8243;][vc_column]\t\t<div id=\"wd-6917919f72bc6\" class=\"wd-text-block wd-wpb reset-last-child wd-rs-6917919f72bc6 text-left wd-fontsize-s \">\n\t\t\t<blockquote><p>\nG\u0130ZL\u0130L\u0130K POL\u0130T\u0130KASI<\/p>\n<p>Son G\u00fcncelleme: 06\/11\/2025\n<\/p><\/blockquote>\n<p>&nbsp;<\/p>\n<h2><b>1. Ama\u00e7 ve Kapsam<\/b><\/h2>\n<p><span style=\"font-weight: 400;\">Bu Gizlilik Politikas\u0131, <\/span><b>WonJo Kids<\/b><span style=\"font-weight: 400;\"> web sitesinin (<\/span><a href=\"https:\/\/wonjo.kids\/?utm_source=chatgpt.com\"><span style=\"font-weight: 400;\">https:\/\/wonjo.kids\/<\/span><\/a><span style=\"font-weight: 400;\">tr) (\u201cSite\u201d, \u201cbiz\u201d, \u201cbizim\u201d) ziyaret\u00e7ilerine, Site kapsam\u0131nda ki\u015fisel verilerin nas\u0131l topland\u0131\u011f\u0131, kullan\u0131ld\u0131\u011f\u0131, sakland\u0131\u011f\u0131 ve korundu\u011fu hakk\u0131nda bilgi vermek amac\u0131yla haz\u0131rlanm\u0131\u015ft\u0131r.<\/span><\/p>\n<p><span style=\"font-weight: 400;\">Sitenin ziyaret\u00e7ileri, ki\u015fisel verilerinin bu Gizlilik Politikas\u0131\u2019nda belirtilen ama\u00e7lar, s\u0131n\u0131rlar ve yasal mevzuat dahilinde, Upily Ara\u015ft\u0131rma ve Teknoloji Geli\u015ftirme Anonim \u015eirketi (\u201c\u015eirket\u201d) taraf\u0131ndan i\u015flenmesine a\u00e7\u0131k r\u0131za g\u00f6sterdi\u011fini kabul, beyan ve taahh\u00fct ederler.<\/span><\/p>\n<p>&nbsp;<\/p>\n<h2>2. Toplanan Veriler ve \u0130\u015fleme Y\u00f6ntemi<\/h2>\n<p><span style=\"font-weight: 400;\">Sitemizi ziyaret etti\u011finizde, taraf\u0131n\u0131za ait ki\u015fisel veriler a\u015fa\u011f\u0131daki yollarla s\u0131n\u0131rl\u0131 \u00f6l\u00e7\u00fcde i\u015flenebilir:<\/span><\/p>\n<ul>\n<li style=\"font-weight: 400;\" aria-level=\"1\"><span style=\"font-weight: 400;\">IP adresi, cihaz t\u00fcr\u00fc, taray\u0131c\u0131 bilgisi ve ba\u011flant\u0131 s\u00fcresi gibi teknik veriler,<\/span><\/li>\n<li style=\"font-weight: 400;\" aria-level=\"1\"><span style=\"font-weight: 400;\">Sitemizde kullan\u0131lan \u00e7erezler arac\u0131l\u0131\u011f\u0131yla toplanan anonim istatistiksel bilgiler (\u00f6rne\u011fin ziyaret say\u0131s\u0131, t\u0131klama oran\u0131, oturum s\u00fcresi),<\/span><\/li>\n<li style=\"font-weight: 400;\" aria-level=\"1\"><span style=\"font-weight: 400;\">Haftal\u0131k b\u00fclten aboneli\u011fi olu\u015fturulmas\u0131 halinde, payla\u015fm\u0131\u015f oldu\u011funuz e-posta adresi.<\/span><\/li>\n<li style=\"font-weight: 400;\" aria-level=\"1\"><span style=\"font-weight: 400;\">Site \u00fczerinden abonelik\/paket sat\u0131n al\u0131nmas\u0131 durumunda; ziyaret\u00e7inin sa\u011flad\u0131\u011f\u0131 ki\u015fisel bilgileri (ad-soyad, e-posta adresi, fatura adresi vb.) ve \u00f6deme i\u015flemi i\u00e7in gerekli olan kart bilgileri (kart sahibinin ad\u0131, kart numaras\u0131n\u0131n son d\u00f6rt hanesi vb.)<\/span><\/li>\n<li style=\"font-weight: 400;\" aria-level=\"1\"><span style=\"font-weight: 400;\">\u0130leti\u015fim formu, e-posta veya destek kanallar\u0131 arac\u0131l\u0131\u011f\u0131yla taraf\u0131m\u0131za iletti\u011finiz bilgiler.<\/span><\/li>\n<\/ul>\n<p><span style=\"font-weight: 400;\">Bu veriler, otomatik yollarla (\u00f6rne\u011fin \u00e7erezler veya sistem kay\u0131tlar\u0131 \u00fczerinden) toplanmakta ve Ki\u015fisel Verilerin Korunmas\u0131 Kanunu (\u201cKVKK\u201d) 5. ve 6. maddelerinde belirtilen i\u015fleme \u015fartlar\u0131 ve ama\u00e7lar\u0131 do\u011frultusunda, KVKK\u2019nin 4. maddesi gere\u011fince, \u201cama\u00e7la ba\u011flant\u0131l\u0131, s\u0131n\u0131rl\u0131 ve \u00f6l\u00e7\u00fcl\u00fc\u201d bir \u015fekilde i\u015flenmektedir.<\/span><\/p>\n<p>&nbsp;<\/p>\n<h2><b>3. Verilerin \u0130\u015flenme Ama\u00e7lar\u0131<\/b><\/h2>\n<p><span style=\"font-weight: 400;\">Toplanan veriler a\u015fa\u011f\u0131daki ama\u00e7larla kullan\u0131labilir:<\/span><\/p>\n<ul>\n<li style=\"font-weight: 400;\" aria-level=\"1\"><span style=\"font-weight: 400;\">Sitenin g\u00fcvenli ve kesintisiz bi\u00e7imde \u00e7al\u0131\u015fmas\u0131n\u0131 sa\u011flamak,<\/span><\/li>\n<li style=\"font-weight: 400;\" aria-level=\"1\"><span style=\"font-weight: 400;\">Site performans\u0131n\u0131 ve kullan\u0131c\u0131 deneyimini iyile\u015ftirmek,<\/span><\/li>\n<li style=\"font-weight: 400;\" aria-level=\"1\"><span style=\"font-weight: 400;\">Ziyaret\u00e7i istatistikleri olu\u015fturmak ve analiz yapmak,<\/span><\/li>\n<li style=\"font-weight: 400;\" aria-level=\"1\"><span style=\"font-weight: 400;\">\u0130leti\u015fim taleplerine yan\u0131t vermek,<\/span><\/li>\n<li style=\"font-weight: 400;\" aria-level=\"1\"><span style=\"font-weight: 400;\">Yasal y\u00fck\u00fcml\u00fcl\u00fcklerin yerine getirilmesini sa\u011flamak.<\/span><\/li>\n<li style=\"font-weight: 400;\" aria-level=\"1\"><span style=\"font-weight: 400;\">Abonelik\/paket sat\u0131n alma ve faturalama i\u015flemlerini ger\u00e7ekle\u015ftirmek,<\/span><\/li>\n<li style=\"font-weight: 400;\" aria-level=\"1\"><span style=\"font-weight: 400;\">\u00d6deme i\u015flemlerinin g\u00fcvenli\u011fini sa\u011flamak ve doland\u0131r\u0131c\u0131l\u0131\u011f\u0131 \u00f6nlemek,<\/span><\/li>\n<li style=\"font-weight: 400;\" aria-level=\"1\"><span style=\"font-weight: 400;\">Apple Store veya Google Play Store hesaplar\u0131n\u0131z arac\u0131l\u0131\u011f\u0131yla sat\u0131n alma i\u015flemlerinizi ger\u00e7ekle\u015ftirmek,<\/span><\/li>\n<li style=\"font-weight: 400;\" aria-level=\"1\"><span style=\"font-weight: 400;\">Uygulama kullan\u0131m\u0131na ili\u015fkin geri bildirimlerle hizmetlerimizi geli\u015ftirmek.\u00a0<\/span><\/li>\n<\/ul>\n<p>&nbsp;<\/p>\n<h2><b>4. Veri Payla\u015f\u0131m\u0131 ve Yurt D\u0131\u015f\u0131na Veri Aktar\u0131m\u0131\u00a0<\/b><\/h2>\n<p><span style=\"font-weight: 400;\">Toplanan ki\u015fisel verileriniz, yasal zorunluluklar haricinde, a\u00e7\u0131k r\u0131zan\u0131z olmadan \u00fc\u00e7\u00fcnc\u00fc ki\u015filer ile payla\u015f\u0131lmaz. Ancak hizmet sa\u011flay\u0131c\u0131lar\u0131m\u0131z, i\u015f ortaklar\u0131m\u0131z ve yasal merciler ile, hizmetin sa\u011flanmas\u0131 ve yasal y\u00fck\u00fcml\u00fcl\u00fcklerin yerine getirilmesi ama\u00e7lar\u0131yla gerekli oldu\u011fu \u00f6l\u00e7\u00fcde payla\u015f\u0131labilir.<\/span><\/p>\n<p><span style=\"font-weight: 400;\">Ki\u015fisel verileriniz, KVKK\u2019nin 9. maddesine uygun olacak \u015fekilde yurt d\u0131\u015f\u0131na aktar\u0131lmaktad\u0131r. Toplanan ki\u015fisel veriler, Google Cloud bulut hizmet sa\u011flay\u0131c\u0131s\u0131 altyap\u0131s\u0131 \u00fczerinden yurt d\u0131\u015f\u0131nda bulunan sunucularda g\u00fcvenli \u015fekilde saklanmaktad\u0131r.<\/span><\/p>\n<p><span style=\"font-weight: 400;\">\u015eirket, veri aktar\u0131m\u0131 yap\u0131lacak \u00fclkelerde, g\u00fcncel teknolojilerin sundu\u011fu m\u00fcmk\u00fcn olan her t\u00fcrl\u00fc idari ve teknik tedbiri almaktad\u0131r. Bu kapsamda, aktar\u0131m yap\u0131lan taraflar ile veri aktar\u0131m\u0131na ve i\u015flenmesine ili\u015fkin \u00f6zel s\u00f6zle\u015fmeler yap\u0131lmaktad\u0131r.\u00a0<\/span><\/p>\n<p><span style=\"font-weight: 400;\">Bu kapsamda ki\u015fisel verileriniz ve yasal temsilcisi oldu\u011funuz \u00e7ocu\u011fun ki\u015fisel verileri, a\u00e7\u0131k r\u0131zan\u0131z do\u011frultusunda ve Ki\u015fisel Verilerin Yurt D\u0131\u015f\u0131na Aktar\u0131lmas\u0131na \u0130li\u015fkin Usul ve Esaslar Hakk\u0131nda Y\u00f6netmelik\u2019in 14. Maddesi uyar\u0131nca, ki\u015fisel verileriniz veri al\u0131c\u0131s\u0131 taraf ile imzalanm\u0131\u015f Standart S\u00f6zle\u015fme kapsam\u0131nda yurt d\u0131\u015f\u0131na aktar\u0131lmaktad\u0131r. Talebiniz halinde, verilerinizin aktar\u0131ld\u0131\u011f\u0131 taraf ile imzalanan Standart S\u00f6zle\u015fme metninin bir kopyas\u0131 taraf\u0131n\u0131za sa\u011flanacakt\u0131r.\u00a0<\/span><\/p>\n<p>&nbsp;<\/p>\n<h2><b>5. Veri G\u00fcvenli\u011fi<\/b><\/h2>\n<p><span style=\"font-weight: 400;\">\u015eirket, verilerin yetkisiz eri\u015fim, kay\u0131p, k\u00f6t\u00fcye kullan\u0131m veya if\u015fa edilmesini \u00f6nlemek i\u00e7in gerekli teknik ve idari tedbirleri almaktad\u0131r. Veriler yaln\u0131zca i\u015fleme amac\u0131n\u0131n gerektirdi\u011fi s\u00fcre boyunca saklanmakta ve s\u00fcrenin sona ermesiyle birlikte silinmekte, yok edilmekte veya anonim hale getirilmektedir.<\/span><\/p>\n<p><span style=\"font-weight: 400;\">Bu kapsamda;<\/span><\/p>\n<ul>\n<li style=\"font-weight: 400;\" aria-level=\"1\"><span style=\"font-weight: 400;\">Verileriniz, g\u00fcvenli sunucularda saklanmakta ve yaln\u0131zca yetkili ki\u015filer taraf\u0131ndan eri\u015filebilmektedir.<\/span><\/li>\n<li style=\"font-weight: 400;\" aria-level=\"1\"><span style=\"font-weight: 400;\">Web sitesi ve uygulama ileti\u015fimi, TLS\/HTTPS protokol\u00fc ile \u015fifrelenmi\u015f g\u00fcvenli ba\u011flant\u0131lar \u00fczerinden sa\u011flanmaktad\u0131r.<\/span><\/li>\n<li style=\"font-weight: 400;\" aria-level=\"1\"><span style=\"font-weight: 400;\">Ki\u015fisel verilere eri\u015fim yetkileri, g\u00f6rev tan\u0131mlar\u0131yla s\u0131n\u0131rl\u0131 olup d\u00fczenli olarak g\u00f6zden ge\u00e7irilmektedir.<\/span><\/li>\n<li style=\"font-weight: 400;\" aria-level=\"1\"><span style=\"font-weight: 400;\">Yetkisiz eri\u015fim, veri kayb\u0131, de\u011fi\u015ftirilme veya if\u015fa risklerini azaltmak amac\u0131yla \u015fifreleme, loglama ve g\u00fcvenlik duvar\u0131 \u00f6nlemleri uygulanmaktad\u0131r.<\/span><\/li>\n<li style=\"font-weight: 400;\" aria-level=\"1\"><span style=\"font-weight: 400;\">\u00d6deme i\u015flemleri, PCI-DSS standartlar\u0131na uygun olarak \u00e7al\u0131\u015fan \u00fc\u00e7\u00fcnc\u00fc taraf \u00f6deme altyap\u0131lar\u0131 arac\u0131l\u0131\u011f\u0131yla y\u00fcr\u00fct\u00fclmekte, tam kart bilgileri (\u00f6rne\u011fin kart numaras\u0131, CVV) \u015eirket sistemlerinde tutulmamaktad\u0131r.<\/span><\/li>\n<li style=\"font-weight: 400;\" aria-level=\"1\"><span style=\"font-weight: 400;\">Veri ihlali durumunda, ilgili kullan\u0131c\u0131lar ve Ki\u015fisel Verileri Koruma Kurumu (KVKK), yasal s\u00fcreler i\u00e7inde bilgilendirilmektedir.<\/span><\/li>\n<\/ul>\n<p>&nbsp;<\/p>\n<h2><b>6. \u00c7ocuklar\u0131n Gizlili\u011fi<\/b><\/h2>\n<p><span style=\"font-weight: 400;\">Sitemiz, \u00e7ocuklara y\u00f6nelik i\u00e7erik sunan bir platform olmakla beraber; Site \u00fczerinden \u00e7ocuklardan do\u011frudan ki\u015fisel veri toplanmamaktad\u0131r. Mobil oyun uygulamalar\u0131nda toplanan veriler, yaln\u0131zca ebeveyn veya yasal temsilci onay\u0131 ile i\u015flenmekte ve bu s\u00fcre\u00e7 Ayd\u0131nlatma Metni<\/span> <span style=\"font-weight: 400;\">kapsam\u0131nda detayland\u0131r\u0131lmaktad\u0131r.<\/span><\/p>\n<p>&nbsp;<\/p>\n<h2><b>7. \u0130lgili Ki\u015fi Haklar\u0131<\/b><\/h2>\n<p><span style=\"font-weight: 400;\">KVKK\u2019n\u0131n 11. maddesi kapsam\u0131nda, ziyaret\u00e7i, veri sorumlusuna ba\u015fvurarak kendisiyle ilgili a\u015fa\u011f\u0131da yer alan taleplerde bulunma hakk\u0131na sahiptir:<\/span><\/p>\n<ul>\n<li style=\"font-weight: 400;\" aria-level=\"1\"><span style=\"font-weight: 400;\">Ki\u015fisel verilerinizin i\u015flenip i\u015flenmedi\u011fini \u00f6\u011frenme,<\/span><\/li>\n<li style=\"font-weight: 400;\" aria-level=\"1\"><span style=\"font-weight: 400;\">\u0130\u015flenmi\u015fse buna ili\u015fkin bilgi talep etme,<\/span><\/li>\n<li style=\"font-weight: 400;\" aria-level=\"1\"><span style=\"font-weight: 400;\">Verilerin i\u015flenme amac\u0131n\u0131 ve amaca uygun kullan\u0131l\u0131p kullan\u0131lmad\u0131\u011f\u0131n\u0131 \u00f6\u011frenme,<\/span><\/li>\n<li style=\"font-weight: 400;\" aria-level=\"1\"><span style=\"font-weight: 400;\">Verilerin yurt i\u00e7inde veya yurt d\u0131\u015f\u0131nda aktar\u0131ld\u0131\u011f\u0131 \u00fc\u00e7\u00fcnc\u00fc ki\u015fileri bilme,<\/span><\/li>\n<li style=\"font-weight: 400;\" aria-level=\"1\"><span style=\"font-weight: 400;\">Verilerin eksik veya yanl\u0131\u015f i\u015flenmi\u015f olmas\u0131 halinde bunlar\u0131n d\u00fczeltilmesini isteme,<\/span><\/li>\n<li style=\"font-weight: 400;\" aria-level=\"1\"><span style=\"font-weight: 400;\">Verilerin i\u015flenmesini gerektiren sebeplerin ortadan kalkmas\u0131 halinde ki\u015fisel verilerinin silinmesini veya yok edilmesini isteme,<\/span><\/li>\n<li style=\"font-weight: 400;\" aria-level=\"1\"><span style=\"font-weight: 400;\">Verilere ili\u015fkin d\u00fczeltme, silme veya yok etme i\u015flemlerinin; verilerin aktar\u0131ld\u0131\u011f\u0131 \u00fc\u00e7\u00fcnc\u00fc ki\u015filere bildirilmesini isteme,<\/span><\/li>\n<li style=\"font-weight: 400;\" aria-level=\"1\"><span style=\"font-weight: 400;\">\u0130\u015flenen verilerin m\u00fcnhas\u0131ran otomatik sistemler vas\u0131tas\u0131yla analiz edilmesi suretiyle ki\u015finin kendisi aleyhine bir sonucun ortaya \u00e7\u0131kmas\u0131na itiraz etme,<\/span><\/li>\n<li style=\"font-weight: 400;\" aria-level=\"1\"><span style=\"font-weight: 400;\">Verilerin mevzuata ayk\u0131r\u0131 olarak i\u015flenmesi sebebiyle zarara u\u011framas\u0131 durumunda zarar\u0131n giderilmesini talep etme,<\/span><\/li>\n<\/ul>\n<p><span style=\"font-weight: 400;\">Bu haklar\u0131n\u0131za ili\u015fkin taleplerinizi hello@wonjo.kids \u00fczerinden \u015eirketimize iletebilirsiniz.<\/span><\/p>\n<p>&nbsp;<\/p>\n<h2><b>8. Gizlilik Politikas\u0131ndaki De\u011fi\u015fiklikler\u00a0<\/b><\/h2>\n<p><span style=\"font-weight: 400;\">Teknolojik geli\u015fmeler, yasal y\u00fck\u00fcml\u00fcl\u00fckler veya i\u015f uygulamalar\u0131m\u0131zdaki de\u011fi\u015fiklikleri yans\u0131tmak amac\u0131yla bu Gizlilik Politikas\u0131n\u0131 zaman zaman g\u00fcncelleme hakk\u0131m\u0131z sakl\u0131d\u0131r.<\/span><\/p>\n<p><span style=\"font-weight: 400;\">Yap\u0131lan t\u00fcm de\u011fi\u015fiklikler bu sayfada \u201cSon G\u00fcncelleme\u201d tarihiyle birlikte yay\u0131mlanacakt\u0131r. Bu Gizlilik Politikas\u0131n\u0131 belirli aral\u0131klarla g\u00f6zden ge\u00e7irmenizi \u00f6neririz.<\/span><\/p>\n<p>&nbsp;<\/p>\n<h2><b>9. \u0130leti\u015fim\u00a0<\/b><\/h2>\n<p><span style=\"font-weight: 400;\">Herhangi bir soru, g\u00f6r\u00fc\u015f veya talebiniz olmas\u0131 halinde a\u015fa\u011f\u0131daki adreslerden bizimle ileti\u015fime ge\u00e7ebilirsiniz:<\/span><\/p>\n<p><span style=\"font-weight: 400;\">E-posta: hello@wonjo.kids<\/span><\/p>\n<p><span style=\"font-weight: 400;\">Adres: \u00dcniversiteler Mah. \u0130hsan Do\u011framac\u0131 Blv. No: 31 \u0130\u00e7 kap\u0131 no: 2, \u00c7ankaya Ankara, 06800<\/span><\/p>\n\t\t<\/div>\n\t\t[\/vc_column][\/vc_row]<\/p>\n<\/div>","protected":false},"excerpt":{"rendered":"<p>[vc_row css=&#8221;.vc_custom_1732118480464{margin-right: 250px !important;margin-left: 250px !important;padding-right: 20px !important;padding-left: 20px !important;background-color: #EEEEEE00 !important;border-radius: 15px !important;}&#8221; woodmart_css_id=&#8221;673e07ca15e9d&#8221; responsive_spacing=&#8221;eyJwYXJhbV90eXBlIjoid29vZG1hcnRfcmVzcG9uc2l2ZV9zcGFjaW5nIiwic2VsZWN0b3JfaWQiOiI2NzNlMDdjYTE1ZTlkIiwic2hvcnRjb2RlIjoidmNfcm93IiwiZGF0YSI6eyJ0YWJsZXQiOnt9LCJtb2JpbGUiOnsibWFyZ2luLXJpZ2h0IjoiMHB4IiwibWFyZ2luLWxlZnQiOiIwcHgiLCJwYWRkaW5nLXJpZ2h0IjoiMCIsInBhZGRpbmctbGVmdCI6IjAifX19&#8243; mobile_bg_img_hidden=&#8221;no&#8221; tablet_bg_img_hidden=&#8221;no&#8221; woodmart_parallax=&#8221;0&#8243; woodmart_gradient_switch=&#8221;no&#8221;<\/p>\n","protected":false},"author":1,"featured_media":0,"parent":0,"menu_order":0,"comment_status":"closed","ping_status":"closed","template":"","meta":{"_acf_changed":false,"footnotes":""},"class_list":["post-4155","page","type-page","status-publish","hentry"],"acf":[],"yoast_head":"<!-- This site is optimized with the Yoast SEO plugin v27.3 - https:\/\/yoast.com\/product\/yoast-seo-wordpress\/ -->\n<title>Gizlilik Politikas\u0131 - WonJo Kids<\/title>\n<meta name=\"robots\" content=\"index, follow, max-snippet:-1, max-image-preview:large, max-video-preview:-1\" \/>\n<link rel=\"canonical\" href=\"https:\/\/wonjo.kids\/tr\/gizlilik-politikasi\/\" \/>\n<meta property=\"og:locale\" content=\"tr_TR\" \/>\n<meta property=\"og:type\" content=\"article\" \/>\n<meta property=\"og:title\" content=\"Gizlilik Politikas\u0131 - WonJo Kids\" \/>\n<meta property=\"og:description\" content=\"[vc_row css=&#8221;.vc_custom_1732118480464{margin-right: 250px !important;margin-left: 250px !important;padding-right: 20px !important;padding-left: 20px !important;background-color: #EEEEEE00 !important;border-radius: 15px !important;}&#8221; woodmart_css_id=&#8221;673e07ca15e9d&#8221; responsive_spacing=&#8221;eyJwYXJhbV90eXBlIjoid29vZG1hcnRfcmVzcG9uc2l2ZV9zcGFjaW5nIiwic2VsZWN0b3JfaWQiOiI2NzNlMDdjYTE1ZTlkIiwic2hvcnRjb2RlIjoidmNfcm93IiwiZGF0YSI6eyJ0YWJsZXQiOnt9LCJtb2JpbGUiOnsibWFyZ2luLXJpZ2h0IjoiMHB4IiwibWFyZ2luLWxlZnQiOiIwcHgiLCJwYWRkaW5nLXJpZ2h0IjoiMCIsInBhZGRpbmctbGVmdCI6IjAifX19&#8243; mobile_bg_img_hidden=&#8221;no&#8221; tablet_bg_img_hidden=&#8221;no&#8221; woodmart_parallax=&#8221;0&#8243; woodmart_gradient_switch=&#8221;no&#8221;\" \/>\n<meta property=\"og:url\" content=\"https:\/\/wonjo.kids\/tr\/gizlilik-politikasi\/\" \/>\n<meta property=\"og:site_name\" content=\"WonJo Kids\" \/>\n<meta property=\"article:publisher\" content=\"https:\/\/www.facebook.com\/wonjo.kids\/\" \/>\n<meta property=\"article:modified_time\" content=\"2025-11-20T12:56:51+00:00\" \/>\n<meta name=\"twitter:card\" content=\"summary_large_image\" \/>\n<meta name=\"twitter:label1\" content=\"Tahmini okuma s\u00fcresi\" \/>\n\t<meta name=\"twitter:data1\" content=\"4 dakika\" \/>\n<script type=\"application\/ld+json\" class=\"yoast-schema-graph\">{\"@context\":\"https:\\\/\\\/schema.org\",\"@graph\":[{\"@type\":\"WebPage\",\"@id\":\"https:\\\/\\\/wonjo.kids\\\/tr\\\/gizlilik-politikasi\\\/\",\"url\":\"https:\\\/\\\/wonjo.kids\\\/tr\\\/gizlilik-politikasi\\\/\",\"name\":\"Gizlilik Politikas\u0131 - WonJo Kids\",\"isPartOf\":{\"@id\":\"https:\\\/\\\/wonjo.kids\\\/tr\\\/#website\"},\"datePublished\":\"2024-06-25T15:40:16+00:00\",\"dateModified\":\"2025-11-20T12:56:51+00:00\",\"breadcrumb\":{\"@id\":\"https:\\\/\\\/wonjo.kids\\\/tr\\\/gizlilik-politikasi\\\/#breadcrumb\"},\"inLanguage\":\"tr\",\"potentialAction\":[{\"@type\":\"ReadAction\",\"target\":[\"https:\\\/\\\/wonjo.kids\\\/tr\\\/gizlilik-politikasi\\\/\"]}]},{\"@type\":\"BreadcrumbList\",\"@id\":\"https:\\\/\\\/wonjo.kids\\\/tr\\\/gizlilik-politikasi\\\/#breadcrumb\",\"itemListElement\":[{\"@type\":\"ListItem\",\"position\":1,\"name\":\"Home\",\"item\":\"https:\\\/\\\/wonjo.kids\\\/tr\\\/ana-sayfa\\\/\"},{\"@type\":\"ListItem\",\"position\":2,\"name\":\"Gizlilik Politikas\u0131\"}]},{\"@type\":\"WebSite\",\"@id\":\"https:\\\/\\\/wonjo.kids\\\/tr\\\/#website\",\"url\":\"https:\\\/\\\/wonjo.kids\\\/tr\\\/\",\"name\":\"WonJo Kids\",\"description\":\"\",\"potentialAction\":[{\"@type\":\"SearchAction\",\"target\":{\"@type\":\"EntryPoint\",\"urlTemplate\":\"https:\\\/\\\/wonjo.kids\\\/tr\\\/?s={search_term_string}\"},\"query-input\":{\"@type\":\"PropertyValueSpecification\",\"valueRequired\":true,\"valueName\":\"search_term_string\"}}],\"inLanguage\":\"tr\"}]}<\/script>\n<!-- \/ Yoast SEO plugin. -->","yoast_head_json":{"title":"Gizlilik Politikas\u0131 - WonJo Kids","robots":{"index":"index","follow":"follow","max-snippet":"max-snippet:-1","max-image-preview":"max-image-preview:large","max-video-preview":"max-video-preview:-1"},"canonical":"https:\/\/wonjo.kids\/tr\/gizlilik-politikasi\/","og_locale":"tr_TR","og_type":"article","og_title":"Gizlilik Politikas\u0131 - WonJo Kids","og_description":"[vc_row css=&#8221;.vc_custom_1732118480464{margin-right: 250px !important;margin-left: 250px !important;padding-right: 20px !important;padding-left: 20px !important;background-color: #EEEEEE00 !important;border-radius: 15px !important;}&#8221; woodmart_css_id=&#8221;673e07ca15e9d&#8221; responsive_spacing=&#8221;eyJwYXJhbV90eXBlIjoid29vZG1hcnRfcmVzcG9uc2l2ZV9zcGFjaW5nIiwic2VsZWN0b3JfaWQiOiI2NzNlMDdjYTE1ZTlkIiwic2hvcnRjb2RlIjoidmNfcm93IiwiZGF0YSI6eyJ0YWJsZXQiOnt9LCJtb2JpbGUiOnsibWFyZ2luLXJpZ2h0IjoiMHB4IiwibWFyZ2luLWxlZnQiOiIwcHgiLCJwYWRkaW5nLXJpZ2h0IjoiMCIsInBhZGRpbmctbGVmdCI6IjAifX19&#8243; mobile_bg_img_hidden=&#8221;no&#8221; tablet_bg_img_hidden=&#8221;no&#8221; woodmart_parallax=&#8221;0&#8243; woodmart_gradient_switch=&#8221;no&#8221;","og_url":"https:\/\/wonjo.kids\/tr\/gizlilik-politikasi\/","og_site_name":"WonJo Kids","article_publisher":"https:\/\/www.facebook.com\/wonjo.kids\/","article_modified_time":"2025-11-20T12:56:51+00:00","twitter_card":"summary_large_image","twitter_misc":{"Tahmini okuma s\u00fcresi":"4 dakika"},"schema":{"@context":"https:\/\/schema.org","@graph":[{"@type":"WebPage","@id":"https:\/\/wonjo.kids\/tr\/gizlilik-politikasi\/","url":"https:\/\/wonjo.kids\/tr\/gizlilik-politikasi\/","name":"Gizlilik Politikas\u0131 - WonJo Kids","isPartOf":{"@id":"https:\/\/wonjo.kids\/tr\/#website"},"datePublished":"2024-06-25T15:40:16+00:00","dateModified":"2025-11-20T12:56:51+00:00","breadcrumb":{"@id":"https:\/\/wonjo.kids\/tr\/gizlilik-politikasi\/#breadcrumb"},"inLanguage":"tr","potentialAction":[{"@type":"ReadAction","target":["https:\/\/wonjo.kids\/tr\/gizlilik-politikasi\/"]}]},{"@type":"BreadcrumbList","@id":"https:\/\/wonjo.kids\/tr\/gizlilik-politikasi\/#breadcrumb","itemListElement":[{"@type":"ListItem","position":1,"name":"Home","item":"https:\/\/wonjo.kids\/tr\/ana-sayfa\/"},{"@type":"ListItem","position":2,"name":"Gizlilik Politikas\u0131"}]},{"@type":"WebSite","@id":"https:\/\/wonjo.kids\/tr\/#website","url":"https:\/\/wonjo.kids\/tr\/","name":"WonJo Kids","description":"","potentialAction":[{"@type":"SearchAction","target":{"@type":"EntryPoint","urlTemplate":"https:\/\/wonjo.kids\/tr\/?s={search_term_string}"},"query-input":{"@type":"PropertyValueSpecification","valueRequired":true,"valueName":"search_term_string"}}],"inLanguage":"tr"}]}},"_links":{"self":[{"href":"https:\/\/wonjo.kids\/tr\/wp-json\/wp\/v2\/pages\/4155","targetHints":{"allow":["GET"]}}],"collection":[{"href":"https:\/\/wonjo.kids\/tr\/wp-json\/wp\/v2\/pages"}],"about":[{"href":"https:\/\/wonjo.kids\/tr\/wp-json\/wp\/v2\/types\/page"}],"author":[{"embeddable":true,"href":"https:\/\/wonjo.kids\/tr\/wp-json\/wp\/v2\/users\/1"}],"replies":[{"embeddable":true,"href":"https:\/\/wonjo.kids\/tr\/wp-json\/wp\/v2\/comments?post=4155"}],"version-history":[{"count":0,"href":"https:\/\/wonjo.kids\/tr\/wp-json\/wp\/v2\/pages\/4155\/revisions"}],"wp:attachment":[{"href":"https:\/\/wonjo.kids\/tr\/wp-json\/wp\/v2\/media?parent=4155"}],"curies":[{"name":"wp","href":"https:\/\/api.w.org\/{rel}","templated":true}]}}