{"id":4143,"date":"2024-06-14T15:36:43","date_gmt":"2024-06-14T12:36:43","guid":{"rendered":"https:\/\/wonjo.kids\/neden-wonjo-kids\/"},"modified":"2025-11-20T15:56:42","modified_gmt":"2025-11-20T12:56:42","slug":"neden-wonjo-kids","status":"publish","type":"page","link":"https:\/\/wonjo.kids\/tr\/neden-wonjo-kids\/","title":{"rendered":"Neden WonJo Kids?"},"content":{"rendered":"<div class=\"wpb-content-wrapper\"><p>[vc_row css_animation=&#8221;wd-slide-from-bottom&#8221; css=&#8221;.vc_custom_1732179369972{margin-bottom: 0px !important;}&#8221; woodmart_css_id=&#8221;673ef59d6d0ba&#8221; responsive_spacing=&#8221;eyJwYXJhbV90eXBlIjoid29vZG1hcnRfcmVzcG9uc2l2ZV9zcGFjaW5nIiwic2VsZWN0b3JfaWQiOiI2NzNlZjU5ZDZkMGJhIiwic2hvcnRjb2RlIjoidmNfcm93IiwiZGF0YSI6eyJ0YWJsZXQiOnt9LCJtb2JpbGUiOnsicGFkZGluZy1yaWdodCI6IjEwcHgiLCJwYWRkaW5nLWxlZnQiOiIxMHB4In19fQ==&#8221; mobile_bg_img_hidden=&#8221;no&#8221; tablet_bg_img_hidden=&#8221;no&#8221; woodmart_parallax=&#8221;0&#8243; woodmart_gradient_switch=&#8221;no&#8221; woodmart_box_shadow=&#8221;no&#8221; wd_z_index=&#8221;no&#8221; woodmart_disable_overflow=&#8221;0&#8243; row_reverse_mobile=&#8221;0&#8243; row_reverse_tablet=&#8221;0&#8243;][vc_column]\t\t<div id=\"wd-674090cc50aab\" class=\"wd-image wd-wpb wd-rs-674090cc50aab text-center \">\n\t\t\t\n\t\t\t<img loading=\"lazy\" decoding=\"async\" width=\"1384\" height=\"551\" src=\"https:\/\/wonjo.kids\/wp-content\/uploads\/2024\/11\/aboutUs_webSize.png\" class=\"attachment-full size-full\" alt=\"\" srcset=\"https:\/\/wonjo.kids\/wp-content\/uploads\/2024\/11\/aboutUs_webSize.png 1384w, https:\/\/wonjo.kids\/wp-content\/uploads\/2024\/11\/aboutUs_webSize-300x119.png 300w, https:\/\/wonjo.kids\/wp-content\/uploads\/2024\/11\/aboutUs_webSize-1024x408.png 1024w, https:\/\/wonjo.kids\/wp-content\/uploads\/2024\/11\/aboutUs_webSize-768x306.png 768w\" sizes=\"auto, (max-width: 1384px) 100vw, 1384px\" \/>\n\t\t\t\t\t<\/div>\n\t\t[\/vc_column][\/vc_row][vc_row full_width=&#8221;stretch_row_content_no_spaces&#8221; woodmart_css_id=&#8221;6748685044922&#8243; responsive_spacing=&#8221;eyJwYXJhbV90eXBlIjoid29vZG1hcnRfcmVzcG9uc2l2ZV9zcGFjaW5nIiwic2VsZWN0b3JfaWQiOiI2NzQ4Njg1MDQ0OTIyIiwic2hvcnRjb2RlIjoidmNfcm93IiwiZGF0YSI6eyJ0YWJsZXQiOnt9LCJtb2JpbGUiOnt9fX0=&#8221; mobile_bg_img_hidden=&#8221;no&#8221; tablet_bg_img_hidden=&#8221;no&#8221; woodmart_parallax=&#8221;0&#8243; woodmart_gradient_switch=&#8221;no&#8221; woodmart_box_shadow=&#8221;no&#8221; wd_z_index=&#8221;no&#8221; woodmart_disable_overflow=&#8221;0&#8243; row_reverse_mobile=&#8221;0&#8243; row_reverse_tablet=&#8221;0&#8243; el_class=&#8221;hidden-sm hidden-xs hidden-md&#8221;][vc_column css=&#8221;.vc_custom_1731331344899{margin-top: -40px !important;}&#8221; woodmart_css_id=&#8221;6732050b8d8c9&#8243; parallax_scroll=&#8221;no&#8221; woodmart_sticky_column=&#8221;false&#8221; wd_collapsible_content_switcher=&#8221;no&#8221; wd_column_role_offcanvas_desktop=&#8221;no&#8221; wd_column_role_offcanvas_tablet=&#8221;no&#8221; wd_column_role_offcanvas_mobile=&#8221;no&#8221; wd_column_role_content_desktop=&#8221;no&#8221; wd_column_role_content_tablet=&#8221;no&#8221; wd_column_role_content_mobile=&#8221;no&#8221; mobile_bg_img_hidden=&#8221;no&#8221; tablet_bg_img_hidden=&#8221;no&#8221; woodmart_parallax=&#8221;0&#8243; woodmart_box_shadow=&#8221;no&#8221; responsive_spacing=&#8221;eyJwYXJhbV90eXBlIjoid29vZG1hcnRfcmVzcG9uc2l2ZV9zcGFjaW5nIiwic2VsZWN0b3JfaWQiOiI2NzMyMDUwYjhkOGM5Iiwic2hvcnRjb2RlIjoidmNfY29sdW1uIiwiZGF0YSI6eyJ0YWJsZXQiOnt9LCJtb2JpbGUiOnsibWFyZ2luLXRvcCI6Ii0yMHB4In19fQ==&#8221; mobile_reset_margin=&#8221;no&#8221; tablet_reset_margin=&#8221;no&#8221; wd_z_index=&#8221;no&#8221;]\n\t\t\t\t<p class=\"rs-p-wp-fix\"><\/p>\n\t\t\t\t<sr7-module data-alias=\"about-us\" data-id=\"1\" id=\"SR7_1_1\" class=\"rs-ov-hidden\" data-version=\"6.7.38\">\n\t\t\t\t\t<sr7-adjuster><\/sr7-adjuster>\n\t\t\t\t\t<sr7-content>\n\t\t\t\t\t\t<sr7-slide id=\"SR7_1_1-7\" data-key=\"7\">\n\t\t\t\t\t\t\t<sr7-txt id=\"SR7_1_1-7-2\" class=\"sr7-layer\">G\u00fcn\u00fcm\u00fcz\u00fcn h\u0131zla de\u011fi\u015fen d\u00fcnyas\u0131nda, geleneksel \u00f6\u011frenme y\u00f6ntemleri tek ba\u015f\u0131na yeterli olmayabiliyor. Wonjo Kids, \u00e7ocu\u011funuzun ekran ba\u015f\u0131nda ge\u00e7irdi\u011fi zaman\u0131 g\u00fcvenli ve \u00f6\u011fretici k\u0131lmak i\u00e7in dinamik ve b\u00fct\u00fcnsel bir \u00f6\u011frenme deneyimi sunuyor. \u201cWonder\u201d ve \u201cJoy\u201d kelimelerinin birle\u015fiminden olu\u015fan WonJo Kids; \u00e7ocu\u011funuzun merak ve hayal g\u00fcc\u00fcn\u00fc harekete ge\u00e7iren i\u00e7erikleriyle \u00f6\u011frenmeyi hayat boyu s\u00fcrecek bir yetene\u011fe d\u00f6n\u00fc\u015ft\u00fcr\u00fcyor. <br \/>\n<br \/>\nWonder and Joy kelimelerinin birle\u015fiminden olu\u015fan WonJo Kids; merak ve ke\u015ffetme duygular\u0131n\u0131 harekete ge\u00e7iren e\u011flenceli i\u00e7eriklerle \u00f6\u011frenme \u00e7ocu\u011funuzun hayat boyu edinece\u011fi bir yetenek haline d\u00f6n\u00fc\u015f\u00fcyor.<br \/>\n<br \/>\n\u00c7ift Dilli E\u011fitim: T\u00fcrk\u00e7e ve \u0130ngilizce i\u00e7eriklerle erken ya\u015fta dil geli\u015fimi.<br \/>\n<br \/>\nUzman Destekli \u0130\u00e7erikler: E\u011fitimciler, psikologlar ve \u00e7ocuk geli\u015fim uzmanlar\u0131n\u0131n katk\u0131s\u0131yla haz\u0131rlanan; T\u00fcrkiye ve Amerika okul \u00f6ncesi m\u00fcfredat\u0131 ile uyumlu i\u00e7erikler.<br \/>\n<br \/>\nG\u00fcvenli ve Reklams\u0131z: %100 g\u00fcvenli, tamamen reklams\u0131z bir ortam.<br \/>\n<br \/>\nEsnek Kullan\u0131m: Tablet ve telefondan eri\u015fim, tek hesapla 5 farkl\u0131 \u00e7ocuk profili.<br \/>\n<br \/>\nUluslararas\u0131 Ba\u015far\u0131: Uluslararas\u0131 \u00f6d\u00fcl ve sertifikalarla tescillenmi\u015f kalite.<br \/>\n<br \/>\n\u00d6\u011frenmenin E\u011flenceli D\u00fcnyas\u0131\u2019na Kat\u0131l\u0131n!<\/sr7-txt>\n\t\t\t\t\t\t<\/sr7-slide>\n\t\t\t\t\t\t<sr7-slide id=\"SR7_1_1-2\" data-key=\"2\">\n\t\t\t\t\t\t<\/sr7-slide>\n\t\t\t\t\t<\/sr7-content>\n\t\t\t\t<\/sr7-module>\n\t\t\t\t<script>\n\t\t\t\t\tSR7.PMH ??={}; SR7.PMH[\"SR7_1_1\"] = {cn:100,state:false,fn: function() { if (_tpt!==undefined && _tpt.prepareModuleHeight !== undefined) {  _tpt.prepareModuleHeight({id:\"SR7_1_1\",el:[1444,1444,768,768,1050],type:'hero',shdw:'0',gh:[1444,1444,768,768,1050],gw:[1728,1728,1024,1024,480],vpt:['-100px&#039;,&#039;-100px&#039;,&#039;-100px&#039;,&#039;-100px&#039;,&#039;-100px'],size:{fullWidth:true, fullHeight:false},mh:'0',onh:0,onw:0,bg:{color:'{\"orig\":\"transparent\",\"type\":\"solid\",\"string\":\"transparent\"}'}});   SR7.PMH[\"SR7_1_1\"].state=true;} else if(SR7.PMH[\"SR7_1_1\"].cn-->0)\tsetTimeout( SR7.PMH[\"SR7_1_1\"].fn,19);}};SR7.PMH[\"SR7_1_1\" ].fn();\n\t\t\t\t<\/script>\n[\/vc_column][\/vc_row][vc_row full_width=&#8221;stretch_row_content_no_spaces&#8221; woodmart_css_id=&#8221;67486858c59b0&#8243; responsive_spacing=&#8221;eyJwYXJhbV90eXBlIjoid29vZG1hcnRfcmVzcG9uc2l2ZV9zcGFjaW5nIiwic2VsZWN0b3JfaWQiOiI2NzQ4Njg1OGM1OWIwIiwic2hvcnRjb2RlIjoidmNfcm93IiwiZGF0YSI6eyJ0YWJsZXQiOnt9LCJtb2JpbGUiOnt9fX0=&#8221; mobile_bg_img_hidden=&#8221;no&#8221; tablet_bg_img_hidden=&#8221;no&#8221; woodmart_parallax=&#8221;0&#8243; woodmart_gradient_switch=&#8221;no&#8221; woodmart_box_shadow=&#8221;no&#8221; wd_z_index=&#8221;no&#8221; woodmart_disable_overflow=&#8221;0&#8243; row_reverse_mobile=&#8221;0&#8243; row_reverse_tablet=&#8221;0&#8243; el_class=&#8221;hidden-md hidden-lg hidden-xl&#8221;][vc_column css=&#8221;.vc_custom_1731331344899{margin-top: -40px !important;}&#8221; woodmart_css_id=&#8221;6732050b8d8c9&#8243; parallax_scroll=&#8221;no&#8221; woodmart_sticky_column=&#8221;false&#8221; wd_collapsible_content_switcher=&#8221;no&#8221; wd_column_role_offcanvas_desktop=&#8221;no&#8221; wd_column_role_offcanvas_tablet=&#8221;no&#8221; wd_column_role_offcanvas_mobile=&#8221;no&#8221; wd_column_role_content_desktop=&#8221;no&#8221; wd_column_role_content_tablet=&#8221;no&#8221; wd_column_role_content_mobile=&#8221;no&#8221; mobile_bg_img_hidden=&#8221;no&#8221; tablet_bg_img_hidden=&#8221;no&#8221; woodmart_parallax=&#8221;0&#8243; woodmart_box_shadow=&#8221;no&#8221; responsive_spacing=&#8221;eyJwYXJhbV90eXBlIjoid29vZG1hcnRfcmVzcG9uc2l2ZV9zcGFjaW5nIiwic2VsZWN0b3JfaWQiOiI2NzMyMDUwYjhkOGM5Iiwic2hvcnRjb2RlIjoidmNfY29sdW1uIiwiZGF0YSI6eyJ0YWJsZXQiOnt9LCJtb2JpbGUiOnsibWFyZ2luLXRvcCI6Ii0yMHB4In19fQ==&#8221; mobile_reset_margin=&#8221;no&#8221; tablet_reset_margin=&#8221;no&#8221; wd_z_index=&#8221;no&#8221;]\n\t\t\t\t<p class=\"rs-p-wp-fix\"><\/p>\n\t\t\t\t<sr7-module data-alias=\"about-us-1\" data-id=\"3\" id=\"SR7_3_2\" class=\"rs-ov-hidden\" data-version=\"6.7.38\">\n\t\t\t\t\t<sr7-adjuster><\/sr7-adjuster>\n\t\t\t\t\t<sr7-content>\n\t\t\t\t\t\t<sr7-slide id=\"SR7_3_2-8\" data-key=\"8\">\n\t\t\t\t\t\t\t<sr7-txt id=\"SR7_3_2-8-1\" class=\"sr7-layer\">G\u00fcn\u00fcm\u00fcz\u00fcn h\u0131zla de\u011fi\u015fen d\u00fcnyas\u0131nda, geleneksel \u00f6\u011frenme y\u00f6ntemleri tek ba\u015f\u0131na yeterli olmayabiliyor. Wonjo Kids, \u00e7ocu\u011funuzun ekran ba\u015f\u0131nda ge\u00e7irdi\u011fi zaman\u0131 g\u00fcvenli ve \u00f6\u011fretici k\u0131lmak i\u00e7in dinamik ve b\u00fct\u00fcnsel bir \u00f6\u011frenme deneyimi sunuyor. \u201cWonder\u201d ve \u201cJoy\u201d kelimelerinin birle\u015fiminden olu\u015fan WonJo Kids; \u00e7ocu\u011funuzun merak ve hayal g\u00fcc\u00fcn\u00fc harekete ge\u00e7iren i\u00e7erikleriyle \u00f6\u011frenmeyi hayat boyu s\u00fcrecek bir yetene\u011fe d\u00f6n\u00fc\u015ft\u00fcr\u00fcyor. <br \/>\n<br \/>\nWonder and Joy kelimelerinin birle\u015fiminden olu\u015fan WonJo Kids; merak ve ke\u015ffetme duygular\u0131n\u0131 harekete ge\u00e7iren e\u011flenceli i\u00e7eriklerle \u00f6\u011frenme \u00e7ocu\u011funuzun hayat boyu edinece\u011fi bir yetenek haline d\u00f6n\u00fc\u015f\u00fcyor.<br \/>\n<br \/>\n\u00c7ift Dilli E\u011fitim: T\u00fcrk\u00e7e ve \u0130ngilizce i\u00e7eriklerle erken ya\u015fta dil geli\u015fimi.<br \/>\n<br \/>\nUzman Destekli \u0130\u00e7erikler: E\u011fitimciler, psikologlar ve \u00e7ocuk geli\u015fim uzmanlar\u0131n\u0131n katk\u0131s\u0131yla haz\u0131rlanan; T\u00fcrkiye ve Amerika okul \u00f6ncesi m\u00fcfredat\u0131 ile uyumlu i\u00e7erikler.<br \/>\n<br \/>\nG\u00fcvenli ve Reklams\u0131z: %100 g\u00fcvenli, tamamen reklams\u0131z bir ortam.<br \/>\n<br \/>\nEsnek Kullan\u0131m: Tablet ve telefondan eri\u015fim, tek hesapla 5 farkl\u0131 \u00e7ocuk profili.<br \/>\n<br \/>\nUluslararas\u0131 Ba\u015far\u0131: Uluslararas\u0131 \u00f6d\u00fcl ve sertifikalarla tescillenmi\u015f kalite.<br \/>\n<br \/>\n\u00d6\u011frenmenin E\u011flenceli D\u00fcnyas\u0131\u2019na Kat\u0131l\u0131n!<\/sr7-txt>\n\t\t\t\t\t\t<\/sr7-slide>\n\t\t\t\t\t\t<sr7-slide id=\"SR7_3_2-6\" data-key=\"6\">\n\t\t\t\t\t\t<\/sr7-slide>\n\t\t\t\t\t<\/sr7-content>\n\t\t\t\t<\/sr7-module>\n\t\t\t\t<script>\n\t\t\t\t\tSR7.PMH ??={}; SR7.PMH[\"SR7_3_2\"] = {cn:100,state:false,fn: function() { if (_tpt!==undefined && _tpt.prepareModuleHeight !== undefined) {  _tpt.prepareModuleHeight({id:\"SR7_3_2\",el:[1444,1444,1444,1444,1050],type:'hero',shdw:'0',gh:[1444,1444,1444,1444,1050],gw:[1728,1728,1728,1728,480],vpt:['-100px&#039;,&#039;-100px&#039;,&#039;-100px&#039;,&#039;-100px&#039;,&#039;-100px'],size:{fullWidth:true, fullHeight:false},mh:'0',onh:0,onw:0,bg:{color:'{\"orig\":\"transparent\",\"type\":\"solid\",\"string\":\"transparent\"}'}});   SR7.PMH[\"SR7_3_2\"].state=true;} else if(SR7.PMH[\"SR7_3_2\"].cn-->0)\tsetTimeout( SR7.PMH[\"SR7_3_2\"].fn,19);}};SR7.PMH[\"SR7_3_2\" ].fn();\n\t\t\t\t<\/script>\n[\/vc_column][\/vc_row]<\/p>\n<\/div>","protected":false},"excerpt":{"rendered":"<p>[vc_row css_animation=&#8221;wd-slide-from-bottom&#8221; css=&#8221;.vc_custom_1732179369972{margin-bottom: 0px !important;}&#8221; woodmart_css_id=&#8221;673ef59d6d0ba&#8221; responsive_spacing=&#8221;eyJwYXJhbV90eXBlIjoid29vZG1hcnRfcmVzcG9uc2l2ZV9zcGFjaW5nIiwic2VsZWN0b3JfaWQiOiI2NzNlZjU5ZDZkMGJhIiwic2hvcnRjb2RlIjoidmNfcm93IiwiZGF0YSI6eyJ0YWJsZXQiOnt9LCJtb2JpbGUiOnsicGFkZGluZy1yaWdodCI6IjEwcHgiLCJwYWRkaW5nLWxlZnQiOiIxMHB4In19fQ==&#8221; mobile_bg_img_hidden=&#8221;no&#8221; tablet_bg_img_hidden=&#8221;no&#8221; woodmart_parallax=&#8221;0&#8243; woodmart_gradient_switch=&#8221;no&#8221; woodmart_box_shadow=&#8221;no&#8221; wd_z_index=&#8221;no&#8221; woodmart_disable_overflow=&#8221;0&#8243; row_reverse_mobile=&#8221;0&#8243; row_reverse_tablet=&#8221;0&#8243;][vc_column][\/vc_column][\/vc_row][vc_row full_width=&#8221;stretch_row_content_no_spaces&#8221; woodmart_css_id=&#8221;6748685044922&#8243; responsive_spacing=&#8221;eyJwYXJhbV90eXBlIjoid29vZG1hcnRfcmVzcG9uc2l2ZV9zcGFjaW5nIiwic2VsZWN0b3JfaWQiOiI2NzQ4Njg1MDQ0OTIyIiwic2hvcnRjb2RlIjoidmNfcm93IiwiZGF0YSI6eyJ0YWJsZXQiOnt9LCJtb2JpbGUiOnt9fX0=&#8221; mobile_bg_img_hidden=&#8221;no&#8221;<\/p>\n","protected":false},"author":1,"featured_media":0,"parent":0,"menu_order":0,"comment_status":"closed","ping_status":"closed","template":"","meta":{"_acf_changed":false,"footnotes":""},"class_list":["post-4143","page","type-page","status-publish","hentry"],"acf":[],"yoast_head":"<!-- This site is optimized with the Yoast SEO plugin v27.3 - https:\/\/yoast.com\/product\/yoast-seo-wordpress\/ -->\n<title>WonJo Kids Hakk\u0131nda | K\u00fc\u00e7\u00fck \u00c7ocuklar \u0130\u00e7in G\u00fcvenli, E\u011flenceli ve E\u011fitici \u00d6\u011frenme<\/title>\n<meta name=\"description\" content=\"WonJo Kids olarak, e\u011flenceli \u00f6\u011frenmeye inan\u0131yoruz. Felsefemizi, m\u00fcfredat\u0131m\u0131z\u0131 ve 2-6 ya\u015f aras\u0131 \u00e7ocuklar i\u00e7in g\u00fcvenli ve ilgi \u00e7ekici bir ortam sa\u011flama y\u00f6ntemlerimizi ke\u015ffedin.\" \/>\n<meta name=\"robots\" content=\"index, follow, max-snippet:-1, max-image-preview:large, max-video-preview:-1\" \/>\n<link rel=\"canonical\" href=\"https:\/\/wonjo.kids\/tr\/neden-wonjo-kids\/\" \/>\n<meta property=\"og:locale\" content=\"tr_TR\" \/>\n<meta property=\"og:type\" content=\"article\" \/>\n<meta property=\"og:title\" content=\"WonJo Kids Hakk\u0131nda \u2013 \u00c7ocuklar \u0130\u00e7in Ne\u015feli, G\u00fcvenli ve Ak\u0131ll\u0131 \u00d6\u011frenme\" \/>\n<meta property=\"og:description\" content=\"WonJo Kids, 2-6 ya\u015f aras\u0131 \u00e7ocuklar i\u00e7in reklams\u0131z bir \u00f6\u011frenme evrenidir. Hikayemizi, misyonumuzu ve \u00f6\u011frenmeyi her \u00e7ocuk i\u00e7in nas\u0131l e\u011flenceli ve g\u00fcvenli hale getirdi\u011fimizi ke\u015ffedin.\" \/>\n<meta property=\"og:url\" content=\"https:\/\/wonjo.kids\/tr\/neden-wonjo-kids\/\" \/>\n<meta property=\"og:site_name\" content=\"WonJo Kids\" \/>\n<meta property=\"article:publisher\" content=\"https:\/\/www.facebook.com\/wonjo.kids\/\" \/>\n<meta property=\"article:modified_time\" content=\"2025-11-20T12:56:42+00:00\" \/>\n<meta property=\"og:image\" content=\"https:\/\/wonjo.kids\/wp-content\/uploads\/2024\/10\/bg-1024x576.png\" \/>\n<meta name=\"twitter:card\" content=\"summary_large_image\" \/>\n<meta name=\"twitter:label1\" content=\"Tahmini okuma s\u00fcresi\" \/>\n\t<meta name=\"twitter:data1\" content=\"1 dakika\" \/>\n<script type=\"application\/ld+json\" class=\"yoast-schema-graph\">{\"@context\":\"https:\\\/\\\/schema.org\",\"@graph\":[{\"@type\":\"WebPage\",\"@id\":\"https:\\\/\\\/wonjo.kids\\\/tr\\\/neden-wonjo-kids\\\/\",\"url\":\"https:\\\/\\\/wonjo.kids\\\/tr\\\/neden-wonjo-kids\\\/\",\"name\":\"WonJo Kids Hakk\u0131nda | K\u00fc\u00e7\u00fck \u00c7ocuklar \u0130\u00e7in G\u00fcvenli, E\u011flenceli ve E\u011fitici \u00d6\u011frenme\",\"isPartOf\":{\"@id\":\"https:\\\/\\\/wonjo.kids\\\/tr\\\/#website\"},\"datePublished\":\"2024-06-14T12:36:43+00:00\",\"dateModified\":\"2025-11-20T12:56:42+00:00\",\"description\":\"WonJo Kids olarak, e\u011flenceli \u00f6\u011frenmeye inan\u0131yoruz. Felsefemizi, m\u00fcfredat\u0131m\u0131z\u0131 ve 2-6 ya\u015f aras\u0131 \u00e7ocuklar i\u00e7in g\u00fcvenli ve ilgi \u00e7ekici bir ortam sa\u011flama y\u00f6ntemlerimizi ke\u015ffedin.\",\"breadcrumb\":{\"@id\":\"https:\\\/\\\/wonjo.kids\\\/tr\\\/neden-wonjo-kids\\\/#breadcrumb\"},\"inLanguage\":\"tr\",\"potentialAction\":[{\"@type\":\"ReadAction\",\"target\":[\"https:\\\/\\\/wonjo.kids\\\/tr\\\/neden-wonjo-kids\\\/\"]}]},{\"@type\":\"BreadcrumbList\",\"@id\":\"https:\\\/\\\/wonjo.kids\\\/tr\\\/neden-wonjo-kids\\\/#breadcrumb\",\"itemListElement\":[{\"@type\":\"ListItem\",\"position\":1,\"name\":\"Home\",\"item\":\"https:\\\/\\\/wonjo.kids\\\/tr\\\/ana-sayfa\\\/\"},{\"@type\":\"ListItem\",\"position\":2,\"name\":\"Neden WonJo Kids?\"}]},{\"@type\":\"WebSite\",\"@id\":\"https:\\\/\\\/wonjo.kids\\\/tr\\\/#website\",\"url\":\"https:\\\/\\\/wonjo.kids\\\/tr\\\/\",\"name\":\"WonJo Kids\",\"description\":\"\",\"potentialAction\":[{\"@type\":\"SearchAction\",\"target\":{\"@type\":\"EntryPoint\",\"urlTemplate\":\"https:\\\/\\\/wonjo.kids\\\/tr\\\/?s={search_term_string}\"},\"query-input\":{\"@type\":\"PropertyValueSpecification\",\"valueRequired\":true,\"valueName\":\"search_term_string\"}}],\"inLanguage\":\"tr\"}]}<\/script>\n<!-- \/ Yoast SEO plugin. -->","yoast_head_json":{"title":"WonJo Kids Hakk\u0131nda | K\u00fc\u00e7\u00fck \u00c7ocuklar \u0130\u00e7in G\u00fcvenli, E\u011flenceli ve E\u011fitici \u00d6\u011frenme","description":"WonJo Kids olarak, e\u011flenceli \u00f6\u011frenmeye inan\u0131yoruz. Felsefemizi, m\u00fcfredat\u0131m\u0131z\u0131 ve 2-6 ya\u015f aras\u0131 \u00e7ocuklar i\u00e7in g\u00fcvenli ve ilgi \u00e7ekici bir ortam sa\u011flama y\u00f6ntemlerimizi ke\u015ffedin.","robots":{"index":"index","follow":"follow","max-snippet":"max-snippet:-1","max-image-preview":"max-image-preview:large","max-video-preview":"max-video-preview:-1"},"canonical":"https:\/\/wonjo.kids\/tr\/neden-wonjo-kids\/","og_locale":"tr_TR","og_type":"article","og_title":"WonJo Kids Hakk\u0131nda \u2013 \u00c7ocuklar \u0130\u00e7in Ne\u015feli, G\u00fcvenli ve Ak\u0131ll\u0131 \u00d6\u011frenme","og_description":"WonJo Kids, 2-6 ya\u015f aras\u0131 \u00e7ocuklar i\u00e7in reklams\u0131z bir \u00f6\u011frenme evrenidir. Hikayemizi, misyonumuzu ve \u00f6\u011frenmeyi her \u00e7ocuk i\u00e7in nas\u0131l e\u011flenceli ve g\u00fcvenli hale getirdi\u011fimizi ke\u015ffedin.","og_url":"https:\/\/wonjo.kids\/tr\/neden-wonjo-kids\/","og_site_name":"WonJo Kids","article_publisher":"https:\/\/www.facebook.com\/wonjo.kids\/","article_modified_time":"2025-11-20T12:56:42+00:00","og_image":[{"url":"https:\/\/wonjo.kids\/wp-content\/uploads\/2024\/10\/bg-1024x576.png","type":"","width":"","height":""}],"twitter_card":"summary_large_image","twitter_misc":{"Tahmini okuma s\u00fcresi":"1 dakika"},"schema":{"@context":"https:\/\/schema.org","@graph":[{"@type":"WebPage","@id":"https:\/\/wonjo.kids\/tr\/neden-wonjo-kids\/","url":"https:\/\/wonjo.kids\/tr\/neden-wonjo-kids\/","name":"WonJo Kids Hakk\u0131nda | K\u00fc\u00e7\u00fck \u00c7ocuklar \u0130\u00e7in G\u00fcvenli, E\u011flenceli ve E\u011fitici \u00d6\u011frenme","isPartOf":{"@id":"https:\/\/wonjo.kids\/tr\/#website"},"datePublished":"2024-06-14T12:36:43+00:00","dateModified":"2025-11-20T12:56:42+00:00","description":"WonJo Kids olarak, e\u011flenceli \u00f6\u011frenmeye inan\u0131yoruz. Felsefemizi, m\u00fcfredat\u0131m\u0131z\u0131 ve 2-6 ya\u015f aras\u0131 \u00e7ocuklar i\u00e7in g\u00fcvenli ve ilgi \u00e7ekici bir ortam sa\u011flama y\u00f6ntemlerimizi ke\u015ffedin.","breadcrumb":{"@id":"https:\/\/wonjo.kids\/tr\/neden-wonjo-kids\/#breadcrumb"},"inLanguage":"tr","potentialAction":[{"@type":"ReadAction","target":["https:\/\/wonjo.kids\/tr\/neden-wonjo-kids\/"]}]},{"@type":"BreadcrumbList","@id":"https:\/\/wonjo.kids\/tr\/neden-wonjo-kids\/#breadcrumb","itemListElement":[{"@type":"ListItem","position":1,"name":"Home","item":"https:\/\/wonjo.kids\/tr\/ana-sayfa\/"},{"@type":"ListItem","position":2,"name":"Neden WonJo Kids?"}]},{"@type":"WebSite","@id":"https:\/\/wonjo.kids\/tr\/#website","url":"https:\/\/wonjo.kids\/tr\/","name":"WonJo Kids","description":"","potentialAction":[{"@type":"SearchAction","target":{"@type":"EntryPoint","urlTemplate":"https:\/\/wonjo.kids\/tr\/?s={search_term_string}"},"query-input":{"@type":"PropertyValueSpecification","valueRequired":true,"valueName":"search_term_string"}}],"inLanguage":"tr"}]}},"_links":{"self":[{"href":"https:\/\/wonjo.kids\/tr\/wp-json\/wp\/v2\/pages\/4143","targetHints":{"allow":["GET"]}}],"collection":[{"href":"https:\/\/wonjo.kids\/tr\/wp-json\/wp\/v2\/pages"}],"about":[{"href":"https:\/\/wonjo.kids\/tr\/wp-json\/wp\/v2\/types\/page"}],"author":[{"embeddable":true,"href":"https:\/\/wonjo.kids\/tr\/wp-json\/wp\/v2\/users\/1"}],"replies":[{"embeddable":true,"href":"https:\/\/wonjo.kids\/tr\/wp-json\/wp\/v2\/comments?post=4143"}],"version-history":[{"count":0,"href":"https:\/\/wonjo.kids\/tr\/wp-json\/wp\/v2\/pages\/4143\/revisions"}],"wp:attachment":[{"href":"https:\/\/wonjo.kids\/tr\/wp-json\/wp\/v2\/media?parent=4143"}],"curies":[{"name":"wp","href":"https:\/\/api.w.org\/{rel}","templated":true}]}}